{"id":15,"date":"2012-07-02T08:20:57","date_gmt":"2012-07-02T08:20:57","guid":{"rendered":"http:\/\/easybinaryoption.com\/fr\/?page_id=15"},"modified":"2012-11-14T12:09:33","modified_gmt":"2012-11-14T12:09:33","slug":"depots","status":"publish","type":"page","link":"https:\/\/easybinaryoption.com\/fr\/depots\/","title":{"rendered":"D\u00e9p\u00f4ts sur les Courtiers d&rsquo;Options Binaires"},"content":{"rendered":"<p>Lorsque vous voulez trader avec les options binaires pour de l&rsquo;argent r\u00e9el, vous devez savoir quel mode de d\u00e9p\u00f4t choisir. Les meilleurs courtiers d\u2019options binaires offrent une grande vari\u00e9t\u00e9 de et si vous \u00eates d\u00e9j\u00e0 familier avec les solutions de paiement en ligne, vous n&rsquo;aurez aucun probl\u00e8me pour cr\u00e9diter votre compte d&rsquo;options binaires. Cependant, il existe quelques probl\u00e8mes pouvant survenir en raison de la provenance g\u00e9ographique des traders ainsi que des l\u00e9gislations qui diff\u00e8rent selon les pays pour les paiements en ligne. Jetons un coup d&rsquo;\u0153il aux options de d\u00e9p\u00f4ts les plus courantes qu\u2019il est possible d\u2019utiliser pour le trading d\u2019options binaires.<\/p>\n<h2>Carte de cr\u00e9dit<\/h2>\n<p>Bien s\u00fbr, la carte de cr\u00e9dit est la solution de paiement en ligne la plus courante et elle fonctionne parfaitement pour le trading d&rsquo;options binaires. Il n&rsquo;y a pratiquement aucun courtier d\u2019options binaires qui ne vous permette pas de faire un d\u00e9p\u00f4t en utilisant votre carte de cr\u00e9dit, en particulier Mastercard et Visa, les deux grandes marques dans ce secteur. Si vous utilisez d&rsquo;autres cartes comme American Express, vous devriez regarder avec plus d\u2019attention les sites des courtiers en options binaires ou leur demander si ces cartes sont autoris\u00e9es ou non. Mais si vous poss\u00e9dez une carte Mastercard ou Visa, vous n&rsquo;aurez pas de difficult\u00e9s \u00e0 faire un d\u00e9p\u00f4t et vous pourrez choisir votre courtier librement. <\/p>\n<h2>Virement bancaire, Direct24 et plus<\/h2>\n<p>Cette m\u00e9thode de paiement classique est toujours tr\u00e8s populaire, m\u00eame si elle pr\u00e9sente certains inconv\u00e9nients majeurs tels que la vitesse. Cela prend quelques jours pour que votre virement soit cr\u00e9dit\u00e9 sur le compte du courtier et que vous puissiez commencer \u00e0 trader. Habituellement, vous n&rsquo;avez pas beaucoup de temps et nous savons tous aujourd\u2019hui que le temps c&rsquo;est de l&rsquo;argent. Ainsi, m\u00eame si le virement bancaire est une m\u00e9thode populaire, de confiance et tr\u00e8s utilis\u00e9e, elle n&rsquo;est pas tr\u00e8s recommand\u00e9e pour cr\u00e9diter votre compte de trading d\u2019options binaires. Il existe n\u00e9anmoins un moyen de r\u00e9soudre ceci: Direct24 et les fournisseurs de service similaires de transferts instantan\u00e9s. Si vous s\u00e9lectionnez une de ces options de d\u00e9p\u00f4t, vous pourrez s\u00e9lectionner le montant que vous souhaitez d\u00e9poser et il sera transmis \u00e0 une interface qui ressemble \u00e0 votre portail bancaire en ligne classique. Vous aurez juste \u00e0 taper votre TAN afin de v\u00e9rifier la transaction et l&rsquo;argent sera cr\u00e9dit\u00e9 instantan\u00e9ment sur votre compte. De cette fa\u00e7on, vous pourrez d\u00e9poser des fonds sur votre compte bancaire, et ce ne sera seulement qu\u2019une affaire de minutes. Vous n&rsquo;aurez pas \u00e0 attendre quelques jours et vous n&rsquo;aurez m\u00eame pas \u00e0 taper les num\u00e9ros de votre compte, la r\u00e9f\u00e9rence, etc. Il s&rsquo;agit d&rsquo;un moyen rapide pour commencer et si vous n&rsquo;avez jamais essay\u00e9 cette option de d\u00e9p\u00f4t auparavant, fa\u00eete-le pour les situations o\u00f9 vous utilisez habituellement les virements pour faire des transferts bancaires. <\/p>\n<h2>eWallets: Skrill, Neteller, Paypal<\/h2>\n<p>Certaines personnes disent que les eWallets sont les moyens de paiement du futur. Cela pourrait bien \u00eatre vrai car les eWallets offrent de nombreux avantages et vous permettent de mieux prot\u00e9ger votre argent que ne pourrait le faire votre carte de cr\u00e9dit par exemple. Il existe de nombreux portefeuilles \u00e9lectroniques et les plus populaires sont ceux accept\u00e9s internationalement: Paypal, Skrill (anciennement connu sous le nom de Moneybookers), Neteller, Click&#038;Buy, Click2Pay et quelques autres. Tous ces portefeuilles \u00e9lectroniques ont leurs march\u00e9s cibles. Pour Paypal ce sont les magasins de commerce \u00e9lectronique comme eBay. Pour Skrill et Neteller, c&rsquo;est le march\u00e9 du jeu et des paris et pour Click&#038;Buy c&rsquo;est le magasin iTunes par exemple. Les eWallets ne sont pas aussi populaire aupr\u00e8s des courtiers d&rsquo;options binaires, mais cela pourrait changer tr\u00e8s bient\u00f4t. <\/p>\n<h2>Trading pour de l\u2019argent r\u00e9el<\/h2>\n<p>Vous disposez de deux options: Vous pouvez trader avec un compte d\u00e9mo sur lequel vous ne risquez pas d&rsquo;argent r\u00e9el ou vous pouvez trader avec de l&rsquo;argent r\u00e9el d\u00e8s maintenant. Cela signifie que vous avez votre propre argent en jeu et si votre option n\u2019est pas couronn\u00e9e de succ\u00e8s, vous aurez perdu de l&rsquo;argent que vous auriez pu d\u00e9pens\u00e9 autrement. Ce n&rsquo;est pas le cas avec un compte d\u00e9mo. Il vous suffit seulement de trader avec de l&rsquo;argent virtuel gratuitement. Les courtiers fiables ne vous feront rien payer lorsque vous tradez avec de l&rsquo;argent d\u00e9mo. Ainsi, vous devriez commencer \u00e0 trader avec un compte de d\u00e9monstration pour vous habituer au trading d\u2019options binaires.<\/p>\n","protected":false},"excerpt":{"rendered":"<p>Lorsque vous voulez trader avec les options binaires pour de l&rsquo;argent r\u00e9el, vous devez savoir quel mode de d\u00e9p\u00f4t choisir. Les meilleurs courtiers d\u2019options binaires offrent une grande vari\u00e9t\u00e9 de et si vous \u00eates d\u00e9j\u00e0 familier avec les solutions de paiement en ligne, vous n&rsquo;aurez aucun probl\u00e8me pour cr\u00e9diter votre compte d&rsquo;options binaires. Cependant, il [&hellip;]<\/p>\n","protected":false},"author":1,"featured_media":0,"parent":0,"menu_order":0,"comment_status":"closed","ping_status":"closed","template":"","meta":{"footnotes":""},"class_list":["post-15","page","type-page","status-publish","hentry","entry"],"aioseo_notices":[],"_links":{"self":[{"href":"https:\/\/easybinaryoption.com\/fr\/wp-json\/wp\/v2\/pages\/15","targetHints":{"allow":["GET"]}}],"collection":[{"href":"https:\/\/easybinaryoption.com\/fr\/wp-json\/wp\/v2\/pages"}],"about":[{"href":"https:\/\/easybinaryoption.com\/fr\/wp-json\/wp\/v2\/types\/page"}],"author":[{"embeddable":true,"href":"https:\/\/easybinaryoption.com\/fr\/wp-json\/wp\/v2\/users\/1"}],"replies":[{"embeddable":true,"href":"https:\/\/easybinaryoption.com\/fr\/wp-json\/wp\/v2\/comments?post=15"}],"version-history":[{"count":4,"href":"https:\/\/easybinaryoption.com\/fr\/wp-json\/wp\/v2\/pages\/15\/revisions"}],"predecessor-version":[{"id":206,"href":"https:\/\/easybinaryoption.com\/fr\/wp-json\/wp\/v2\/pages\/15\/revisions\/206"}],"wp:attachment":[{"href":"https:\/\/easybinaryoption.com\/fr\/wp-json\/wp\/v2\/media?parent=15"}],"curies":[{"name":"wp","href":"https:\/\/api.w.org\/{rel}","templated":true}]}}