{"id":11,"date":"2012-10-08T11:49:14","date_gmt":"2012-10-08T11:49:14","guid":{"rendered":"http:\/\/easybinaryoption.com\/pt\/?page_id=11"},"modified":"2020-01-02T21:01:51","modified_gmt":"2020-01-02T21:01:51","slug":"corretores","status":"publish","type":"page","link":"https:\/\/easybinaryoption.com\/pt\/corretores\/","title":{"rendered":"Corretores de Op\u00e7\u00f5es Bin\u00e1rias"},"content":{"rendered":"Hoje em dia existem muitos corretores de op\u00e7\u00f5es bin\u00e1rias \u00e0 sua disposi\u00e7\u00e3o. A raz\u00e3o desta enorme quantidade de corretores deve-se ao facto de ser relativamente simples obter uma plataforma de transa\u00e7\u00e3o de marca branca e de efetuar transa\u00e7\u00f5es de op\u00e7\u00f5es bin\u00e1rias. Ora, isso \u00e9 excelente para todos os operadores de mercado. Em primeiro lugar, eles podem escolher entre uma vasta lista de corretores diferentes. Em segundo lugar, a concorr\u00eancia \u00e9 ideal para todos os operadores de mercado. Todos os corretores lutar\u00e3o entre si para t\u00ea-lo como seu operador de mercado, portanto, eles oferecer\u00e3o um excelente servi\u00e7o de apoio ao cliente, bons b\u00f3nus e fant\u00e1sticas promo\u00e7\u00f5es. Isto garante que voc\u00ea conseguir\u00e1 desfrutar ao m\u00e1ximo da transa\u00e7\u00e3o de op\u00e7\u00f5es bin\u00e1rias.\n<h2>Os Melhores Corretores de Op\u00e7\u00f5es Bin\u00e1rias<\/h2>\n\n<table id=\"wp-table-reloaded-id-1-no-1\" class=\"wp-table-reloaded wp-table-reloaded-id-1\">\n<thead>\n\t<tr class=\"row-1 odd\">\n\t\t<th class=\"column-1\">Empresa<\/th><th class=\"column-2\">Vis\u00e3o Geral<\/th><th class=\"column-3\">Mais Informa\u00e7\u00f5es<\/th><th class=\"column-4\">Abrir uma Conta<br \/>\r\n<\/th>\n\t<\/tr>\n<\/thead>\n<tbody>\n\t<tr class=\"row-2 even\">\n\t\t<td class=\"column-1\"><a class=\"goto\" href=\"https:\/\/easybinaryoption.com\/pt\/go\/iqoption\" target=\"blank\" rel=\"nofollow\"><img decoding=\"async\" src=\"https:\/\/easybinaryoption.com\/wp-content\/uploads\/2016\/02\/iqoption.jpg\" alt=\"IQOption\"\/>www.iqoption.com<\/a><\/td><td class=\"column-2\">Dep\u00f3sito M\u00ednimo: $10<br \/>\r\nLucro: 85%<br \/>\r\nProte\u00e7\u00e3o contra Perdas: 0%<br \/>\r\nInvestimento M\u00ednimo: $1<\/td><td class=\"column-3\">Conta de Demonstra\u00e7\u00e3o: Sim<br \/>\r\nPlataforma: IQOption<br \/>\r\nCaracter\u00edsticas Especiais: Conta de Demonstra\u00e7\u00e3o Gratuita<br \/>\r\n<a href=\"https:\/\/easybinaryoption.com\/pt\/go\/iqoption\/\" rel=\"nofollow\">Revis\u00e3o da IQOption<\/a><br \/>\r\n<\/td><td class=\"column-4\"><a class=\"button\" href=\"https:\/\/easybinaryoption.com\/pt\/go\/iqoption\" target=\"blank\" rel=\"nofollow\">Inscreva-se Agora!<\/a><\/td>\n\t<\/tr>\n\t<tr class=\"row-3 odd\">\n\t\t<td class=\"column-1\"><a class=\"goto\" href=\"https:\/\/easybinaryoption.com\/pt\/go\/24option\" target=\"blank\" rel=\"nofollow\"><img decoding=\"async\" src=\"https:\/\/easybinaryoption.com\/wp-content\/uploads\/2012\/06\/24option.png\" alt=\"24Option\"\/>www.24option.com<\/a><\/td><td class=\"column-2\">Dep\u00f3sito M\u00ednimo: $250<br \/>\r\nLucro: At\u00e9 89%<br \/>\r\nProte\u00e7\u00e3o contra Perdas: Op\u00e7\u00e3o de Recompra<br \/>\r\nInvestimento M\u00ednimo: $24<br \/>\r\n<\/td><td class=\"column-3\">Conta de Demonstra\u00e7\u00e3o: Sim<br \/>\r\nPlataforma: Tech<br \/>\r\nCaracter\u00edsticas Especiais: Mobile Trading<br \/>\r\n<a href=\"https:\/\/easybinaryoption.com\/pt\/broker\/24option\">Revis\u00e3o da 24Option<\/a><\/td><td class=\"column-4\"><a class=\"button\" href=\"https:\/\/easybinaryoption.com\/pt\/go\/24option\" target=\"blank\" rel=\"nofollow\">Inscreva-se Agora!<\/a><br \/>\r\n<\/td>\n\t<\/tr>\n\t<tr class=\"row-4 even\">\n\t\t<td class=\"column-1\"><img decoding=\"async\" src=\"https:\/\/easybinaryoption.com\/wp-content\/uploads\/2017\/08\/stockpair.png\" alt=\"StockPair\"\/><br \/>\r\n<a class=\"goto\" href=\"http:\/\/easybinaryoption.com\/goto\/stockpair\" target=\"blank\" rel=\"nofollow\">www.stockpair.com<\/a><\/td><td class=\"column-2\">Minimum Deposit: $200<br \/>\r\nPayout: 85%<br \/>\r\nMinimum Investment: $20<\/td><td class=\"column-3\">Demo Account: Sim<br \/>\r\nPlatform: StockPair<br \/>\r\nSpecial Features: Pair options, KIKO<br \/>\r\n<a href=\"http:\/\/easybinaryoption.com\/broker\/stockpair\">StockPair Review<\/a><\/td><td class=\"column-4\"><a class=\"button\" href=\"http:\/\/easybinaryoption.com\/goto\/stockpair\" target=\"blank\" rel=\"nofollow\">Apply Now!<\/a><\/td>\n\t<\/tr>\n<\/tbody>\n<\/table>\n\nAVISO DE RISCO: INVESTIR ENVOLVE UM ALTO GRAU DE RISCO\n<p>Atualmente, n\u00e3o \u00e9 f\u00e1cil encontrar o melhor corretor de op\u00e7\u00f5es bin\u00e1rias. Para sermos honestos, o nosso corretor ideal pode n\u00e3o ser o melhor para voc\u00ea. Isso depende das suas prefer\u00eancias, tais como a estrutura de pagamento, op\u00e7\u00f5es de dep\u00f3sito e outras.<\/p>\n<h2>Como Escolher um Corretor de Op\u00e7\u00f5es Bin\u00e1rias<\/h2>\n<p>A tarefa de escolher o melhor corretor de op\u00e7\u00f5es bin\u00e1rias tamb\u00e9m \u00e9 uma decis\u00e3o dif\u00edcil, especialmente se for um profissional avan\u00e7ado com determinadas necessidades. Como um profissional iniciante, n\u00e3o ter\u00e1 problemas em escolher um corretor. Se n\u00e3o estiver familiarizado com a transa\u00e7\u00e3o de op\u00e7\u00f5es bin\u00e1rias, poder\u00e1 nem sequer detetar qualquer diferen\u00e7a entre os v\u00e1rios corretores. Isso n\u00e3o significa que n\u00e3o deva considerar as nossas an\u00e1lises de corretores e simplesmente selecionar um corretor que pare\u00e7a ser ideal para a sua situa\u00e7\u00e3o. Muito pelo contr\u00e1rio. Deve ler as nossas an\u00e1lises de corretores e considerar todos os corretores recomendados. Certamente encontrar\u00e1 o melhor corretor para as suas necessidades, se fizer o que recomendamos.<br \/>\n<\/p>\n\n","protected":false},"excerpt":{"rendered":"","protected":false},"author":1,"featured_media":0,"parent":0,"menu_order":0,"comment_status":"closed","ping_status":"open","template":"","meta":{"footnotes":""},"class_list":["post-11","page","type-page","status-publish","hentry","entry"],"aioseo_notices":[],"_links":{"self":[{"href":"https:\/\/easybinaryoption.com\/pt\/wp-json\/wp\/v2\/pages\/11","targetHints":{"allow":["GET"]}}],"collection":[{"href":"https:\/\/easybinaryoption.com\/pt\/wp-json\/wp\/v2\/pages"}],"about":[{"href":"https:\/\/easybinaryoption.com\/pt\/wp-json\/wp\/v2\/types\/page"}],"author":[{"embeddable":true,"href":"https:\/\/easybinaryoption.com\/pt\/wp-json\/wp\/v2\/users\/1"}],"replies":[{"embeddable":true,"href":"https:\/\/easybinaryoption.com\/pt\/wp-json\/wp\/v2\/comments?post=11"}],"version-history":[{"count":14,"href":"https:\/\/easybinaryoption.com\/pt\/wp-json\/wp\/v2\/pages\/11\/revisions"}],"predecessor-version":[{"id":254,"href":"https:\/\/easybinaryoption.com\/pt\/wp-json\/wp\/v2\/pages\/11\/revisions\/254"}],"wp:attachment":[{"href":"https:\/\/easybinaryoption.com\/pt\/wp-json\/wp\/v2\/media?parent=11"}],"curies":[{"name":"wp","href":"https:\/\/api.w.org\/{rel}","templated":true}]}}