{"id":13,"date":"2012-10-08T11:50:12","date_gmt":"2012-10-08T11:50:12","guid":{"rendered":"http:\/\/easybinaryoption.com\/pt\/?page_id=13"},"modified":"2016-08-02T20:59:59","modified_gmt":"2016-08-02T20:59:59","slug":"depositar","status":"publish","type":"page","link":"https:\/\/easybinaryoption.com\/pt\/depositar\/","title":{"rendered":"Depositar em Corretores de Op\u00e7\u00f5es Bin\u00e1rias"},"content":{"rendered":"Se quiser transacionar op\u00e7\u00f5es bin\u00e1rias com dinheiro real, voc\u00ea ter\u00e1 de considerar o m\u00e9todo ideal para efetuar dep\u00f3sitos. Os melhores corretores de op\u00e7\u00f5es bin\u00e1rias oferecem uma vasta variedade de m\u00e9todos para escolher e, se j\u00e1 estiver familiarizado com as solu\u00e7\u00f5es de pagamento online, n\u00e3o ter\u00e1 quaisquer problemas em financiar a sua conta de op\u00e7\u00f5es bin\u00e1rias. No entanto, existem alguns problemas que podem ocorrer, pois diversos operadores de mercado s\u00e3o provenientes de diferentes pa\u00edses e, portanto, esses mesmos pa\u00edses t\u00eam legisla\u00e7\u00f5es diferentes em rela\u00e7\u00e3o a pagamentos online. Analisemos as op\u00e7\u00f5es de dep\u00f3sito mais comuns, que poder\u00e1 utilizar para efetuar transa\u00e7\u00f5es de op\u00e7\u00f5es bin\u00e1rias.\n<h2>Cart\u00f5es de Cr\u00e9dito<\/h2>\n<p>Os cart\u00f5es de cr\u00e9dito s\u00e3o a solu\u00e7\u00e3o de pagamento online mais comum e funcionam perfeitamente para a transa\u00e7\u00e3o de op\u00e7\u00f5es bin\u00e1rias. Todos os corretores de op\u00e7\u00f5es bin\u00e1rias permitem que fa\u00e7a um dep\u00f3sito atrav\u00e9s de um cart\u00e3o de cr\u00e9dito, especialmente via MasterCard e Visa, os dois principais no sector. Se utilizar outros cart\u00f5es de cr\u00e9dito, tais como o Amex (American Express), ter\u00e1 de visitar e analisar os websites dos corretores de op\u00e7\u00f5es bin\u00e1rias para verificar se tais cart\u00f5es de cr\u00e9dito s\u00e3o permitidos. Contudo, a verdade \u00e9 que, se possuir um MasterCard ou Visa, voc\u00ea n\u00e3o ter\u00e1 qualquer dificuldade em efetuar um dep\u00f3sito e poder\u00e1 selecionar livremente o seu corretor. <\/p>\n<h2>Transfer\u00eancia Banc\u00e1ria, Direct24 e Alternativas<\/h2>\n<p>Este cl\u00e1ssico m\u00e9todo de pagamento ainda \u00e9 popular, embora tenha algumas desvantagens, tais como a velocidade. Demora alguns dias at\u00e9 que uma transfer\u00eancia banc\u00e1ria chegue \u00e0 conta do corretor e voc\u00ea possa come\u00e7ar a efetuar as transa\u00e7\u00f5es. \u00c9 apenas l\u00f3gico assumir que a maioria de n\u00f3s n\u00e3o tem muito tempo e todos sabemos que tempo \u00e9 dinheiro. Com isso em mente, mesmo que a transfer\u00eancia banc\u00e1ria seja um m\u00e9todo de dep\u00f3sito popular e de confian\u00e7a, n\u00e3o \u00e9 uma op\u00e7\u00e3o recomendada para financiar a sua conta de transa\u00e7\u00e3o de op\u00e7\u00f5es bin\u00e1rias. Por\u00e9m, h\u00e1 uma maneira de resolver este problema, ou seja, atrav\u00e9s do Direct24 e outros operadores de servi\u00e7os de transfer\u00eancias instant\u00e2neas semelhantes. Se selecionar uma dessas op\u00e7\u00f5es de dep\u00f3sito, poder\u00e1 selecionar o valor a depositar e ser\u00e1 encaminhado para uma interface que ser\u00e1 parecida com um portal de servi\u00e7os banc\u00e1rios online. Voc\u00ea tem apenas de inserir o seu TAN (Transaction Authentication Mumber &#8211; N\u00famero de Autentica\u00e7\u00e3o da Transa\u00e7\u00e3o) para verificar a transa\u00e7\u00e3o e o dinheiro ser\u00e1 instantaneamente creditado da sua conta. Desta forma, voc\u00ea poder\u00e1 depositar fundos da sua conta banc\u00e1ria, mas numa quest\u00e3o de minutos. N\u00e3o ter\u00e1 de esperar diversos dias e tamb\u00e9m n\u00e3o ter\u00e1 de inserir n\u00fameros de conta, refer\u00eancias, etc. Esta \u00e9 uma maneira r\u00e1pida de come\u00e7ar e, se nunca experimentou este m\u00e9todo de dep\u00f3sito, \u00e9 recomendado que o experimente, especialmente se estiver acostumado a fazer dep\u00f3sitos atrav\u00e9s de transfer\u00eancias banc\u00e1rias.<\/p>\n<h2>Carteiras Eletr\u00f3nicas (e-Wallets): Skrill, Neteller e PayPal<\/h2>\n<p>Algumas pessoas dizem que as carteiras eletr\u00f3nicas s\u00e3o os portais de pagamento do futuro. Isso pode ser efetivamente verdade, pois as carteiras eletr\u00f3nicas oferecem muitas vantagens e voc\u00ea pode proteger melhor o seu dinheiro, comparativamente aos cart\u00f5es de cr\u00e9dito, por exemplo. Existem muitas carteiras eletr\u00f3nicas e as mais populares, assim como internacionalmente aceites, s\u00e3o o PayPal, Skrill (anteriormente conhecida como MoneyBookers), Neteller, Click&#038;Buy, Click2Pay e outras. Todas estas carteiras eletr\u00f3nicas t\u00eam os seus mercados-alvo. Para o PayPal \u00e9 o com\u00e9rcio eletr\u00f3nico como o eBay e outras lojas online. Para a Skrill e a Neteller \u00e9 o mercado de jogos. Para o Click&#038;Buy \u00e9 a loja do iTunes, por exemplo. As carteiras eletr\u00f3nicas n\u00e3o s\u00e3o muito populares para os corretores de op\u00e7\u00f5es bin\u00e1rias, mas isso poder\u00e1 mudar em breve. <\/p>\n<h2>Transacionar com Dinheiro Real<\/h2>\n<p>Existem duas op\u00e7\u00f5es. Voc\u00ea pode transacionar com uma conta de demonstra\u00e7\u00e3o, com a qual n\u00e3o correr\u00e1 qualquer risco de perder dinheiro real, ou pode transacionar com dinheiro real. Isto significa que voc\u00ea ter\u00e1 o seu pr\u00f3prio dinheiro em jogo e, se a sua pr\u00f3pria op\u00e7\u00e3o n\u00e3o for bem-sucedida, perder\u00e1 dinheiro que poderia ter sido gasto de outra forma. Esse n\u00e3o \u00e9 o caso com uma conta de demonstra\u00e7\u00e3o, pois apenas transaciona com dinheiro virtual e de forma gratuita. Os corretores confi\u00e1veis n\u00e3o cobrar\u00e3o qualquer taxa quando transacionar com dinheiro virtual. Na verdade, voc\u00ea deve come\u00e7ar a transacionar com uma conta de demonstra\u00e7\u00e3o, a fim de se habituar \u00e0 transa\u00e7\u00e3o de op\u00e7\u00f5es bin\u00e1rias.<br \/>\n<\/p>\n\n","protected":false},"excerpt":{"rendered":"","protected":false},"author":1,"featured_media":0,"parent":0,"menu_order":0,"comment_status":"closed","ping_status":"closed","template":"","meta":{"footnotes":""},"class_list":["post-13","page","type-page","status-publish","hentry","entry"],"aioseo_notices":[],"_links":{"self":[{"href":"https:\/\/easybinaryoption.com\/pt\/wp-json\/wp\/v2\/pages\/13","targetHints":{"allow":["GET"]}}],"collection":[{"href":"https:\/\/easybinaryoption.com\/pt\/wp-json\/wp\/v2\/pages"}],"about":[{"href":"https:\/\/easybinaryoption.com\/pt\/wp-json\/wp\/v2\/types\/page"}],"author":[{"embeddable":true,"href":"https:\/\/easybinaryoption.com\/pt\/wp-json\/wp\/v2\/users\/1"}],"replies":[{"embeddable":true,"href":"https:\/\/easybinaryoption.com\/pt\/wp-json\/wp\/v2\/comments?post=13"}],"version-history":[{"count":6,"href":"https:\/\/easybinaryoption.com\/pt\/wp-json\/wp\/v2\/pages\/13\/revisions"}],"predecessor-version":[{"id":206,"href":"https:\/\/easybinaryoption.com\/pt\/wp-json\/wp\/v2\/pages\/13\/revisions\/206"}],"wp:attachment":[{"href":"https:\/\/easybinaryoption.com\/pt\/wp-json\/wp\/v2\/media?parent=13"}],"curies":[{"name":"wp","href":"https:\/\/api.w.org\/{rel}","templated":true}]}}