{"id":16,"date":"2012-10-08T11:55:11","date_gmt":"2012-10-08T11:55:11","guid":{"rendered":"http:\/\/easybinaryoption.com\/pt\/?page_id=16"},"modified":"2016-08-02T21:00:31","modified_gmt":"2016-08-02T21:00:31","slug":"estrategia","status":"publish","type":"page","link":"https:\/\/easybinaryoption.com\/pt\/estrategia\/","title":{"rendered":"Estrat\u00e9gia de Transa\u00e7\u00e3o de Op\u00e7\u00f5es Bin\u00e1rias"},"content":{"rendered":"O desenvolvimento de uma estrat\u00e9gia bem-sucedida de transa\u00e7\u00e3o de op\u00e7\u00f5es bin\u00e1rias n\u00e3o \u00e9 t\u00e3o simples como possa parecer \u00e0 primeira vista. A chave \u00e9 persist\u00eancia, disciplina e conhecimento profundo sobre t\u00e9cnicas e estrat\u00e9gias comerciais. Existem diversas estrat\u00e9gias comerciais dispon\u00edveis na Internet, mas a verdade \u00e9 que muitas delas n\u00e3o funcionam e frequentemente causam mais problemas do que solu\u00e7\u00f5es.\n<p>Hoje em dia, uma das melhores oportunidades para ganhar dinheiro \u00e9 a de transacionar op\u00e7\u00f5es bin\u00e1rias nos mercados financeiros. No entanto, n\u00e3o existe uma solu\u00e7\u00e3o m\u00e1gica. Por\u00e9m, existem tr\u00eas princ\u00edpios que todos os operadores de mercado bem-sucedidos t\u00eam em comum:<\/p>\n<ul>\n<li>Os operadores de mercado bem-sucedidos t\u00eam um m\u00e9todo simples;<\/li>\n<li>Os operadores de mercado bem-sucedidos conseguem controlar suas emo\u00e7\u00f5es;<\/li>\n<li>Os operadores de mercado bem-sucedidos s\u00e3o profissionais disciplinados.<\/li>\n<\/ul>\n<p>Um dos piores erros que muitos operadores de mercado cometem \u00e9 a tend\u00eancia de tornar o mercado mais complicado do que realmente \u00e9. Os operadores de mercado mais bem-sucedidos t\u00eam um conjunto de regras muito simples. Uma delas \u00e9 a arte de simplificar. Isso \u00e9 o que voc\u00ea tem de fazer.<\/p>\n<p>O segundo pior problema de um grande n\u00famero de operadores de mercado \u00e9 a sua incapacidade de ultrapassar o sentimento de perda. Voc\u00ea tem de aprender a lidar com suas emo\u00e7\u00f5es e \u00e9 crucial ter um plano para lidar com elas e control\u00e1-las.<\/p>\n<p>A \u00faltima caracter\u00edstica fundamental de qualquer operador de mercado bem-sucedido \u00e9 a autodisciplina. Se quiser desenvolver as suas habilidades comerciais, \u00e9 absolutamente fulcral que seja persistente. N\u00e3o h\u00e1 como contornar o problema em quest\u00e3o.<\/p>\n<h2>Sistemas de Transa\u00e7\u00e3o de Op\u00e7\u00f5es Bin\u00e1rias<\/h2>\n<p>Existem muitos operadores de mercado que t\u00eam sorte em determinado momento e obt\u00eam alguns resultados excelentes. Eles obt\u00eam lucro, mas a maioria deles, mais cedo ou mais tarde, perde o lucro auferido de volta para o sistema. Eles n\u00e3o t\u00eam autodisciplina, n\u00e3o controlam as suas emo\u00e7\u00f5es e n\u00e3o t\u00eam um sistema coeso e forte.<\/p>\n<p>O termo \u201csistema de transa\u00e7\u00e3o de op\u00e7\u00f5es bin\u00e1rias\u201d \u00e9, na realidade, incorreto, pois \u00e9 mais um m\u00e9todo do que um sistema. Ali\u00e1s, para o seu pr\u00f3prio bem, esque\u00e7a tudo sobre este sistema mec\u00e2nico. Um sistema mec\u00e2nico n\u00e3o oferece flexibilidade e falha de forma ocasional. Pense nisso como um conjunto de regras, mais um m\u00e9todo do que um sistema &#8211; uma maneira simples de desenvolver uma forma \u00fanica de pensar sobre o mercado, em vez de um sistema restrito.<\/p>\n<p>A <a href=\"https:\/\/easybinaryoption.com\/pt\">EasyBinaryOption<\/a> \u00e9 o seu melhor recurso para desenvolver e melhorar o seu pr\u00f3prio e exclusivo m\u00e9todo comercial. N\u00f3s partilhamos os nossos conhecimentos para que voc\u00ea possa come\u00e7ar e melhorar como um operador de mercado. N\u00f3s n\u00e3o queremos que seja um operador de mercado de m\u00e9dia qualidade, pelo contr\u00e1rio, queremos que seja o melhor que pode. No entanto, existem duas coisas que voc\u00ea tem de saber:<\/p>\n<ul>\n<li>N\u00e3o ficar\u00e1 rico da noite para o dia no mercado de op\u00e7\u00f5es bin\u00e1rias;<\/li>\n<li>Mesmo o melhor m\u00e9todo e estrat\u00e9gia n\u00e3o lhe far\u00e3o ganhar dinheiro, caso n\u00e3o pratique uma gest\u00e3o apropriada dos seus fundos (que, na verdade, \u00e9 muito f\u00e1cil na transa\u00e7\u00e3o de op\u00e7\u00f5es bin\u00e1rias).<\/li>\n<\/ul>\n<p>A maioria das nossas estrat\u00e9gias baseia-se na a\u00e7\u00e3o do pre\u00e7o, ou seja, no movimento do pre\u00e7o bruto. Identificamos as principais tend\u00eancias utilizando movimentos menores de contra tend\u00eancia em torno das \u00e1reas de suporte e resist\u00eancia, com o objetivo de entrar nessas grandes tend\u00eancias. Esta \u00e9 a forma atrav\u00e9s da qual as institui\u00e7\u00f5es financeiras mais bem-sucedidas transacionam no mercado.<br \/>\n<\/p>\n\n","protected":false},"excerpt":{"rendered":"","protected":false},"author":1,"featured_media":0,"parent":0,"menu_order":0,"comment_status":"closed","ping_status":"open","template":"","meta":{"footnotes":""},"class_list":["post-16","page","type-page","status-publish","hentry","entry"],"aioseo_notices":[],"_links":{"self":[{"href":"https:\/\/easybinaryoption.com\/pt\/wp-json\/wp\/v2\/pages\/16","targetHints":{"allow":["GET"]}}],"collection":[{"href":"https:\/\/easybinaryoption.com\/pt\/wp-json\/wp\/v2\/pages"}],"about":[{"href":"https:\/\/easybinaryoption.com\/pt\/wp-json\/wp\/v2\/types\/page"}],"author":[{"embeddable":true,"href":"https:\/\/easybinaryoption.com\/pt\/wp-json\/wp\/v2\/users\/1"}],"replies":[{"embeddable":true,"href":"https:\/\/easybinaryoption.com\/pt\/wp-json\/wp\/v2\/comments?post=16"}],"version-history":[{"count":3,"href":"https:\/\/easybinaryoption.com\/pt\/wp-json\/wp\/v2\/pages\/16\/revisions"}],"predecessor-version":[{"id":207,"href":"https:\/\/easybinaryoption.com\/pt\/wp-json\/wp\/v2\/pages\/16\/revisions\/207"}],"wp:attachment":[{"href":"https:\/\/easybinaryoption.com\/pt\/wp-json\/wp\/v2\/media?parent=16"}],"curies":[{"name":"wp","href":"https:\/\/api.w.org\/{rel}","templated":true}]}}