{"id":18,"date":"2012-10-08T11:59:40","date_gmt":"2012-10-08T11:59:40","guid":{"rendered":"http:\/\/easybinaryoption.com\/pt\/?page_id=18"},"modified":"2017-05-31T10:40:17","modified_gmt":"2017-05-31T10:40:17","slug":"transacionar","status":"publish","type":"page","link":"https:\/\/easybinaryoption.com\/pt\/transacionar\/","title":{"rendered":"Transacionar Op\u00e7\u00f5es Bin\u00e1rias On-line"},"content":{"rendered":"A transa\u00e7\u00e3o de op\u00e7\u00f5es bin\u00e1rias est\u00e1 a ganhar popularidade rapidamente. Os operadores de mercado experientes e inexperientes est\u00e3o impressionados com a simplicidade deste novo produto financeiro e com a maneira emocionante de transacionar. Muitos corretores pagam at\u00e9 85% em todas as transa\u00e7\u00f5es bem-sucedidas de tipo &#8220;ou uma op\u00e7\u00e3o ou a outra&#8221;, o que transforma as op\u00e7\u00f5es bin\u00e1rias num dos produtos mais lucrativos de investimento.\n<p>Os princ\u00edpios da transa\u00e7\u00e3o de op\u00e7\u00f5es bin\u00e1rias s\u00e3o muito simples: Se investir em op\u00e7\u00f5es, voc\u00ea n\u00e3o estar\u00e1 realmente comprando um ativo, mas apostando na forma como um ativo subjacente (ouro, petr\u00f3leo, moedas, a\u00e7\u00f5es etc.) se ir\u00e1 mover. Isso faz com que este instrumento inovador de investimento seja uma excelente oportunidade para os operadores que estejam habituados a transacionar no mercado. No entanto, o produto em si \u00e9 t\u00e3o f\u00e1cil de aprender e simples de utilizar que, para iniciantes, as op\u00e7\u00f5es bin\u00e1rias s\u00e3o a melhor maneira de come\u00e7ar.<\/p>\n<blockquote>\n<div id=\"attachment_252\" style=\"width: 284px\" class=\"wp-caption alignleft\"><img loading=\"lazy\" decoding=\"async\" aria-describedby=\"caption-attachment-252\" class=\"wp-image-252 \" title=\"AnyOption Trading\" alt=\"IQoption Trading\" src=\"https:\/\/easybinaryoption.com\/wp-content\/uploads\/2016\/02\/iqoption-trading-platform.png\" width=\"274\" height=\"188\" \/><p id=\"caption-attachment-252\" class=\"wp-caption-text\">IQoption Trading Platform<\/p><\/div>\n<p><strong>Dica de Transa\u00e7\u00e3o de Op\u00e7\u00f5es Bin\u00e1rias: <\/strong>Uma das nossas principais recomenda\u00e7\u00f5es para a transa\u00e7\u00e3o de op\u00e7\u00f5es bin\u00e1rias \u00e9 a <strong>IQoption<\/strong>. A IQoption \u00e9 um dos corretores mais experientes quando se trata de op\u00e7\u00f5es bin\u00e1rias.<\/p>\n<p><center><a class=\"buttonbig\" href=\"https:\/\/easybinaryoption.com\/pt\/go\/iqoption\" rel=\"nofollow\">Inscreva-se Agora!<br \/>\n<small>Abra uma Conta de Demonstra\u00e7\u00e3o ou Real<\/small><\/a><br \/><i>AVISO DE RISCO: INVESTIR ENVOLVE UM ALTO GRAU DE RISCO<\/i><\/center><\/p><\/blockquote>\n<h2>Transa\u00e7\u00e3o de Op\u00e7\u00f5es Bin\u00e1rias Online<\/h2>\n<p>H\u00e1 alguns anos, as op\u00e7\u00f5es bin\u00e1rias eram um instrumento para os operadores de mercado profissionais e para as grandes institui\u00e7\u00f5es financeiras. As op\u00e7\u00f5es bin\u00e1rias s\u00f3 eram transacionadas no mercado OTC (Over The Counter) e n\u00e3o estavam dispon\u00edveis para investidores privados.<\/p>\n<p>Hoje em dia tamb\u00e9m existem muitos corretores de op\u00e7\u00f5es bin\u00e1rias online para os investidores privados. O melhor aspeto \u00e9 que, em contraste com uma conta de transa\u00e7\u00e3o de a\u00e7\u00f5es ou uma conta de transa\u00e7\u00e3o de futuros, voc\u00ea n\u00e3o precisa de muito dinheiro para come\u00e7ar. Pode depositar um montante t\u00e3o baixo quanto $100 (dependendo do corretor) para financiar a sua conta &#8211; outra raz\u00e3o pela qual este novo produto de investimento \u00e9 a melhor op\u00e7\u00e3o para come\u00e7ar no mundo empolgante da transa\u00e7\u00e3o de op\u00e7\u00f5es bin\u00e1rias.<\/p>\n<h2>Como Transacionar Op\u00e7\u00f5es Bin\u00e1rias<\/h2>\n<p>A transa\u00e7\u00e3o de op\u00e7\u00f5es bin\u00e1rias n\u00e3o \u00e9 dif\u00edcil e a natureza do produto facilita a sua compreens\u00e3o. Eis um guia r\u00e1pido e simples que o ajudar\u00e1 a entender o processo:<\/p>\n<p>Segundo o nome &#8220;bin\u00e1rio&#8221;, existem apenas dois resultados poss\u00edveis numa transa\u00e7\u00e3o: quando a op\u00e7\u00e3o expira, pode ser &#8220;in the money&#8221; ou &#8220;out of the money&#8221; &#8211; ou ganha ou perde. Se conseguir prever a dire\u00e7\u00e3o correta do pre\u00e7o do ativo subjacente e a op\u00e7\u00e3o fechar &#8220;in the money&#8221;, voc\u00ea ganhar\u00e1 at\u00e9 85% de retorno. Caso contr\u00e1rio, voc\u00ea perder\u00e1 o seu investimento. Estas s\u00e3o as regras simples da transa\u00e7\u00e3o de op\u00e7\u00f5es bin\u00e1rias.<\/p>\n<p>Se comprar uma op\u00e7\u00e3o bin\u00e1ria, existem alguns passos essenciais que ter\u00e1 de considerar. O conceito mais b\u00e1sico est\u00e1 relacionado com a tarefa de:<\/p>\n<ul>\n<li>Escolher um ativo subjacente e o tempo de validade da op\u00e7\u00e3o;<\/li>\n<li>Escolher o valor que est\u00e1 disposto a arriscar;<\/li>\n<li>Escolher a dire\u00e7\u00e3o do pre\u00e7o do ativo subjacente em que esteja a apostar (acima = comprar, abaixo = vender).<\/li>\n<\/ul>\n<p><img loading=\"lazy\" decoding=\"async\" class=\"aligncenter\" title=\"Anyoption\" alt=\"\" src=\"https:\/\/easybinaryoption.com\/wp-content\/uploads\/2012\/04\/anyoption_trading.jpg\" width=\"550\" height=\"377\" \/><\/p>\n<p>Em primeiro lugar, ter\u00e1 de decidir qual a classe de ativo subjacente em que deseja apostar. A maioria dos corretores oferece muitos recursos, tais como pares de moedas, a\u00e7\u00f5es e \u00edndices, ouro, petr\u00f3leo e muitos mais. Depois, tem de escolher o tempo de validade da op\u00e7\u00e3o, que pode ser entre sessenta segundos e um m\u00eas, dependendo do seu corretor. Insira o valor que gostaria de apostar no movimento do pre\u00e7o e, depois, decida se o pre\u00e7o vai subir ou descer. Clique no bot\u00e3o &#8220;Op\u00e7\u00e3o de Compra&#8221; e pronto, estar\u00e1 no mercado!<\/p>\n<h2>Ativos Subjacentes na Transa\u00e7\u00e3o de Op\u00e7\u00f5es Bin\u00e1rias<\/h2>\n<p>Ao transacionar op\u00e7\u00f5es bin\u00e1rias, voc\u00ea n\u00e3o compra um ativo, mas aposta no movimento do pre\u00e7o de um ativo subjacente. Todos os corretores oferecem uma variedade extensa de ativos subjacentes para apostar. Estes incluem pares de moedas, commodities, \u00edndices e a\u00e7\u00f5es.<\/p>\n<p><a href=\"https:\/\/easybinaryoption.com\/pt\/trading\/forex\/\">Op\u00e7\u00f5es de Moedas<\/a>: Ao transacionar op\u00e7\u00f5es bin\u00e1rias no mercado de c\u00e2mbio, voc\u00ea pode investir em todos os pares de moedas principais, tais como EUR\/USD, GBP\/USD, USD\/CHF, USD\/JPY, AUD\/USD e USD\/CAD. Muitos corretores oferecem pares de moedas adicionais, tais como EUR\/GBP ou EUR\/JPY.<\/p>\n<p><a href=\"https:\/\/easybinaryoption.com\/pt\/trading\/mercadorias\/\">Op\u00e7\u00f5es de Commodities<\/a>: A maioria dos operadores de mercado experientes inclui commodities nas suas estrat\u00e9gias comerciais. Quando a economia est\u00e1 em terreno movedi\u00e7o, o primeiro lugar em que os investidores costumam procurar para encontrar um abrigo seguro \u00e9 o mercado de metais preciosos. Com op\u00e7\u00f5es bin\u00e1rias, voc\u00ea pode apostar em ouro e prata e, em geral, tamb\u00e9m sobre o movimento do pre\u00e7o do petr\u00f3leo.<\/p>\n<p><a href=\"https:\/\/easybinaryoption.com\/pt\/trading\/acoes\/\">Op\u00e7\u00f5es de A\u00e7\u00f5es<\/a>: No entanto, se voc\u00ea preferir a\u00e7\u00f5es individuais, esta op\u00e7\u00e3o tamb\u00e9m \u00e9 poss\u00edvel. A transa\u00e7\u00e3o de op\u00e7\u00f5es bin\u00e1rias de a\u00e7\u00f5es inclui grandes marcas, tais como a IBM, EXXON, McDonalds, Sony, Microsoft, Google, Amex, Coca-Cola, Apple, Nike, Amazon, BP, CITIGROUP e muitas mais.<\/p>\n<p>Op\u00e7\u00f5es de \u00cdndices: Na maioria das vezes, os \u00edndices de a\u00e7\u00f5es s\u00e3o mais f\u00e1ceis de transacionar do que as a\u00e7\u00f5es individuais. Isto \u00e9 ver\u00eddico, porque um \u00edndice inclui e calcula a m\u00e9dia do pre\u00e7o de diversas a\u00e7\u00f5es. Portanto, voc\u00ea \u00e9 automaticamente diversificado. Os corretores de op\u00e7\u00f5es bin\u00e1rias oferecem a possibilidade de apostar em futuros subjacentes, tais como o Dow Jones, Nasdaq, S&amp;P 500, Dax 30, Nikkei, SMI e muitos mais.<\/p>\n<h2>Conceitos B\u00e1sicos da Transa\u00e7\u00e3o de Op\u00e7\u00f5es Bin\u00e1rias<\/h2>\n<p>A transa\u00e7\u00e3o de op\u00e7\u00f5es bin\u00e1rias \u00e9 muito simples e os operadores de mercado iniciantes podem rapidamente aprender os conceitos b\u00e1sicos. Se \u00e9 iniciante, a terminologia t\u00e9cnica \u00e9 provavelmente a primeira coisa que tem de compreender. Portanto, o seu primeiro objetivo deve ser familiarizar-se com a linguagem comercial. Eis os conceitos b\u00e1sicos:<\/p>\n<p><strong>Pre\u00e7o de Exerc\u00edcio<\/strong>: O investidor e o formador de mercado concordam com um determinado n\u00edvel de pre\u00e7o (pre\u00e7o de exerc\u00edcio) que o ativo subjacente da op\u00e7\u00e3o tem de alcan\u00e7ar antes de a pr\u00f3pria op\u00e7\u00e3o bin\u00e1ria poder originar um lucro.<\/p>\n<p><strong>Validade<\/strong>: As op\u00e7\u00f5es bin\u00e1rias expiram num determinado momento, no qual o contrato entre o investidor e o formador de mercado \u00e9 terminado. Nesse momento, o pre\u00e7o atual do ativo subjacente \u00e9 comparado com o pre\u00e7o de exerc\u00edcio, a fim de determinar se a op\u00e7\u00e3o bin\u00e1ria est\u00e1 &#8220;in the money&#8221; ou &#8220;out of the money&#8221;.<\/p>\n<p><strong>In the Money<\/strong>: O n\u00edvel do pre\u00e7o de exerc\u00edcio do ativo subjacente \u00e9 quebrado. Em consequ\u00eancia, a op\u00e7\u00e3o bin\u00e1ria est\u00e1 atualmente &#8220;in the money&#8221; e resultar\u00e1 num retorno positivo na expira\u00e7\u00e3o, desde que o pre\u00e7o fique acima (op\u00e7\u00e3o de compra) ou abaixo (op\u00e7\u00e3o de venda) do pre\u00e7o de exerc\u00edcio.<\/p>\n<p><strong>Out of the Money<\/strong>: O n\u00edvel do pre\u00e7o de exerc\u00edcio n\u00e3o est\u00e1 quebrado e a op\u00e7\u00e3o bin\u00e1ria est\u00e1 &#8220;out of the money&#8221;. Se o pre\u00e7o n\u00e3o quebrar o n\u00edvel at\u00e9 a data de expira\u00e7\u00e3o, a aposta ser\u00e1 perdida.<\/p>\n<p><strong>Op\u00e7\u00f5es Up\/Down (Acima\/Abaixo) &#8211; Op\u00e7\u00f5es High\/Low (Alto\/Baixo)<\/strong>: Este \u00e9 o produto mais comum, disponibilizado por todos os corretores de op\u00e7\u00f5es bin\u00e1rias. Basicamente, voc\u00ea pode escolher se o pre\u00e7o do ativo subjacente vai fechar acima ou abaixo na data de expira\u00e7\u00e3o. Se acreditar que o pre\u00e7o do ativo subjacente vai subir, voc\u00ea ter\u00e1 de adquirir uma op\u00e7\u00e3o <strong>bin\u00e1ria de compra<\/strong>. Uma op\u00e7\u00e3o bin\u00e1ria de compra \u00e9 um contrato que recompensa o investidor se o pre\u00e7o fechar acima do pre\u00e7o de exerc\u00edcio. Em contraste, uma op\u00e7\u00e3o <strong>bin\u00e1ria de venda<\/strong> \u00e9 um contrato que recompensa o operador de mercado se o pre\u00e7o do ativo subjacente fechar abaixo do pre\u00e7o de exerc\u00edcio. Uma op\u00e7\u00e3o bin\u00e1ria de venda \u00e9 o oposto de uma op\u00e7\u00e3o bin\u00e1ria de compra.<\/p>\n<p><strong>Op\u00e7\u00f5es Bin\u00e1rias de Touch<\/strong>: Voc\u00ea tem de decidir se o pre\u00e7o do ativo subjacente vai alcan\u00e7ar um determinado pre\u00e7o-alvo antes de o tempo de validade expirar. Se acreditar que um determinado n\u00edvel de pre\u00e7o ser\u00e1 quebrado antes da expira\u00e7\u00e3o, voc\u00ea poder\u00e1 comprar uma <strong>op\u00e7\u00e3o de touch up<\/strong> ou uma <strong>op\u00e7\u00e3o de touch down<\/strong>, dependendo da sua previs\u00e3o acerca do sentido do movimento do pre\u00e7o. Se acreditar que o pre\u00e7o n\u00e3o quebrar\u00e1 um determinado n\u00edvel de pre\u00e7o, voc\u00ea poder\u00e1 optar por uma <strong>op\u00e7\u00e3o de no touch<\/strong>.<\/p>\n<p><strong>Op\u00e7\u00f5es Bin\u00e1rias de Range\/Boundary (Intervalo\/Limite)<\/strong>: Estes tipos de op\u00e7\u00f5es t\u00eam um pre\u00e7o-alvo inferior e superior. Voc\u00ea tem de decidir se a op\u00e7\u00e3o vai expirar no intervalo entre esses dois alvos, ou fora do intervalo.<br \/>\n<\/p>\n\n","protected":false},"excerpt":{"rendered":"","protected":false},"author":1,"featured_media":0,"parent":0,"menu_order":0,"comment_status":"closed","ping_status":"open","template":"","meta":{"footnotes":""},"class_list":["post-18","page","type-page","status-publish","hentry","entry"],"aioseo_notices":[],"_links":{"self":[{"href":"https:\/\/easybinaryoption.com\/pt\/wp-json\/wp\/v2\/pages\/18","targetHints":{"allow":["GET"]}}],"collection":[{"href":"https:\/\/easybinaryoption.com\/pt\/wp-json\/wp\/v2\/pages"}],"about":[{"href":"https:\/\/easybinaryoption.com\/pt\/wp-json\/wp\/v2\/types\/page"}],"author":[{"embeddable":true,"href":"https:\/\/easybinaryoption.com\/pt\/wp-json\/wp\/v2\/users\/1"}],"replies":[{"embeddable":true,"href":"https:\/\/easybinaryoption.com\/pt\/wp-json\/wp\/v2\/comments?post=18"}],"version-history":[{"count":11,"href":"https:\/\/easybinaryoption.com\/pt\/wp-json\/wp\/v2\/pages\/18\/revisions"}],"predecessor-version":[{"id":79,"href":"https:\/\/easybinaryoption.com\/pt\/wp-json\/wp\/v2\/pages\/18\/revisions\/79"}],"wp:attachment":[{"href":"https:\/\/easybinaryoption.com\/pt\/wp-json\/wp\/v2\/media?parent=18"}],"curies":[{"name":"wp","href":"https:\/\/api.w.org\/{rel}","templated":true}]}}