{"id":6,"date":"2012-10-08T11:39:43","date_gmt":"2012-10-08T11:39:43","guid":{"rendered":"http:\/\/easybinaryoption.com\/pt\/?page_id=6"},"modified":"2020-01-02T21:03:32","modified_gmt":"2020-01-02T21:03:32","slug":"transacao-de-opcoes-binarias","status":"publish","type":"page","link":"https:\/\/easybinaryoption.com\/pt\/","title":{"rendered":"Transa\u00e7\u00e3o de Op\u00e7\u00f5es Bin\u00e1rias"},"content":{"rendered":"Seja bem-vindo ao website da Easy Binary Option. Voc\u00ea \u00e9 novo no setor financeiro de op\u00e7\u00f5es bin\u00e1rias? N\u00e3o se preocupe. As op\u00e7\u00f5es bin\u00e1rias s\u00e3o um novo produto financeiro, simples, f\u00e1cil de entender e utilizar.\n<p>Voc\u00ea pode transacionar no mercado de c\u00e2mbio, mercado de commodities e mercado de a\u00e7\u00f5es com apenas um par de cliques e em poucos minutos, pois as op\u00e7\u00f5es bin\u00e1rias s\u00e3o absolutamente simples. Leia as informa\u00e7\u00f5es presentes no nosso website e inicie-se neste mercado fascinante.<\/p>\n<p>\u00c9 importante escolher o corretor ideal. Esta n\u00e3o \u00e9 uma tarefa simples, mas tentamos facilit\u00e1-la para si. Apenas podemos recomendar que comece com um dos melhores corretores do mundo, a IQOption. Voc\u00ea ter\u00e1 a melhor experi\u00eancia com a IQOption e poder\u00e1 come\u00e7ar com apenas $10.<\/p>\n<p style=\"text-align: center;\"><strong><a class=\"goto\" href=\"https:\/\/easybinaryoption.com\/pt\/go\/iqoption\" rel=\"nofollow\">Clique aqui para come\u00e7ar a transacionar com a IQOption, um dos melhores corretores do mundo!<\/a><\/strong><\/p>\n<h2>Os Melhores Corretores de Op\u00e7\u00f5es Bin\u00e1rias<\/h2>\n\n<table id=\"wp-table-reloaded-id-3-no-1\" class=\"wp-table-reloaded wp-table-reloaded-id-3\">\n<thead>\n\t<tr class=\"row-1 odd\">\n\t\t<th class=\"column-1\">Empresa<\/th><th class=\"column-2\">Vis\u00e3o Geral<\/th><th class=\"column-3\">Mais Informa\u00e7\u00f5es<\/th>\n\t<\/tr>\n<\/thead>\n<tbody>\n\t<tr class=\"row-2 even\">\n\t\t<td class=\"column-1\"><a class=\"goto\" href=\"https:\/\/easybinaryoption.com\/pt\/go\/iqoption\" rel=\"nofollow\"><img decoding=\"async\" src=\"https:\/\/easybinaryoption.com\/wp-content\/uploads\/2016\/02\/iqoption.jpg\" alt=\"IQoption\"\/>www.iqoption.com<\/a><\/td><td class=\"column-2\">Dep\u00f3sito M\u00ednimo: $10<br \/>\r\nLucro: 85%<br \/>\r\n<a href=\"https:\/\/easybinaryoption.com\/pt\/corretores\/iqoption\/\">An\u00e1lise da IQOption<\/a><\/td><td class=\"column-3\">Conta de Demonstra\u00e7\u00e3o: Sim<br \/>\r\nPlataforma: IQoption<br \/>\r\nCaracter\u00edsticas Especiais: Mobile Trading<br \/>\r\n<a class=\"goto\" href=\"https:\/\/easybinaryoption.com\/pt\/go\/iqoption\" rel=\"nofollow\">www.iqoption.com<\/a><\/td>\n\t<\/tr>\n\t<tr class=\"row-3 odd\">\n\t\t<td class=\"column-1\"><a class=\"goto\" href=\"https:\/\/easybinaryoption.com\/pt\/go\/24option\"  rel=\"nofollow\"><img decoding=\"async\" src=\"https:\/\/easybinaryoption.com\/wp-content\/uploads\/2012\/06\/24option.png\" alt=\"24Option\"\/>www.24option.com<\/a><br \/>\r\n<\/td><td class=\"column-2\">Dep\u00f3sito M\u00ednimo: $250<br \/>\r\nLucro: At\u00e9 89%<br \/>\r\nProte\u00e7\u00e3o contra Perdas: Op\u00e7\u00e3o de Recompra<br \/>\r\n<a href=\"https:\/\/easybinaryoption.com\/pt\/broker\/24option\">An\u00e1lise da 24Option<\/a><br \/>\r\n<\/td><td class=\"column-3\">Conta de Demonstra\u00e7\u00e3o: Sim<br \/>\r\nPlataforma: Tech<br \/>\r\nCaracter\u00edsticas Especiais: Mobile Trading<br \/>\r\n<a class=\"goto\" href=\"https:\/\/easybinaryoption.com\/pt\/go\/24option\" rel=\"nofollow\">www.24option.com<\/a><\/td>\n\t<\/tr>\n<\/tbody>\n<\/table>\n\n<i>AVISO DE RISCO: INVESTIR ENVOLVE UM ALTO GRAU DE RISCO<\/i>\n[GeoTargeted to=&#8221;AT,BE,HR,CY,CZ,DK,FI,FR,DE,GR,HU,IS,IE,IT,LU,NL,NO,PL,PT,RO,RS,SK,SL,ES,SE&#8221;]Binary options are not promoted or sold to retail EEA traders. If you are not a professional client, please leave this page![\/GeoTargeted]\n<h2>Corretores de Op\u00e7\u00f5es Bin\u00e1rias<\/h2>\n<p>Se quiser transacionar op\u00e7\u00f5es bin\u00e1rias com dinheiro real, precisar\u00e1 de um corretor de confian\u00e7a. O mercado de op\u00e7\u00f5es bin\u00e1rias \u00e9 muito jovem e existem muitos corretores dispon\u00edveis, tentando ganhar dinheiro rapidamente. No entanto, tamb\u00e9m existem corretores que tentam oferecer a melhor experi\u00eancia poss\u00edvel, manter as bancas dos operadores de mercado seguras, proporcionar um servi\u00e7o de apoio ao cliente excelente, melhorar continuamente a sua oferta e serem absolutamente confi\u00e1veis. Esses corretores tamb\u00e9m s\u00e3o l\u00edderes da ind\u00fastria e excelentes empresas. A escolha de um desses corretores \u00e9 muito importante, em vez de um pouco confi\u00e1vel e ineficaz. Mesmo que a oferta de corretores pouco conhecidos seja ocasionalmente promissora, voc\u00ea deve apenas utilizar corretores confi\u00e1veis, com os quais milhares de operadores de mercado se sintam satisfeitos. Tentamos facilitar a tarefa de selecionar um desses corretores. A tabela acima mostra os melhores corretores com todos os detalhes importantes que deve saber antes de aderir aos servi\u00e7os de um deles.<\/p>\n<h2>Estrat\u00e9gia<\/h2>\n<p>Antes de poder transacionar de forma rent\u00e1vel, voc\u00ea tem de encontrar a estrat\u00e9gia ideal. Existem muitos &#8220;especialistas&#8221; que afirmam ter encontrado o Santo Graal &#8211; n\u00e3o confie neles! Se algu\u00e9m lhe disser que voc\u00ea pode ganhar $5.000 por m\u00eas seguindo uma estrat\u00e9gia simples, \u00e9 melhor que se afaste imediatamente. N\u00f3s, na Easy Binary Option, discutimos v\u00e1rios temas sobre estrat\u00e9gias de op\u00e7\u00f5es bin\u00e1rias, mostramos-lhe como analisar corretamente o mercado e os gr\u00e1ficos, inclusive como tomar decis\u00f5es corretas. A nossa equipa \u00e9 formada por dois excelentes operadores de mercado em a\u00e7\u00f5es e moedas, que lhe ensinar\u00e3o a transacionar de forma rent\u00e1vel.<\/p>\n<h2>Transacionar, Depositar e Outros Afazeres<\/h2>\n<p>Voc\u00ea tem de saber muito mais para al\u00e9m de estrat\u00e9gias e corretores. A transa\u00e7\u00e3o de op\u00e7\u00f5es bin\u00e1rias \u00e9 uma tend\u00eancia que merece muita aten\u00e7\u00e3o. Existem muitas quest\u00f5es interessantes al\u00e9m de estrat\u00e9gias, tais como: &#8220;A Transa\u00e7\u00e3o de Op\u00e7\u00f5es Bin\u00e1rias \u00e9 como Jogar\/Apostar em Jogos de Azar?&#8221;, &#8220;Como transacionar com o seu telem\u00f3vel?&#8221;, &#8220;Existem Corretores Fraudulentos?&#8221;, &#8220;\u00c9 poss\u00edvel ganhar a vida neste sector?&#8221;, e muitos mais.<\/p>\n<p>O sistema banc\u00e1rio tamb\u00e9m \u00e9 um fator vital. Sem depositar dinheiro, voc\u00ea n\u00e3o pode transacionar com dinheiro real. Sem conseguir retirar dinheiro para uma conta banc\u00e1ria, n\u00e3o pode usufruir dos seus ganhos. O sistema banc\u00e1rio \u00e9 um tema muito dif\u00edcil e tamb\u00e9m merece muita aten\u00e7\u00e3o. Especialmente para um operador de mercado iniciante, que tem de ser seletivo, pois necessita de saber o m\u00e9todo de pagamento que deve utilizar e como retirar os seus fundos. \u00c9 verdade que, de momento, os corretores n\u00e3o oferecem muitas op\u00e7\u00f5es de dep\u00f3sito. No mercado de c\u00e2mbio voc\u00ea pode facilmente depositar atrav\u00e9s dos servi\u00e7os da PayPal \u2013 atualmente, esse n\u00e3o \u00e9 o caso com os corretores de op\u00e7\u00f5es bin\u00e1rias. Isso torna este assunto ainda mais importante, pois voc\u00ea n\u00e3o pode simplesmente depositar com o seu m\u00e9todo de pagamento preferido.<br \/>\n<\/p>\n\n","protected":false},"excerpt":{"rendered":"","protected":false},"author":1,"featured_media":0,"parent":0,"menu_order":0,"comment_status":"closed","ping_status":"open","template":"","meta":{"footnotes":""},"class_list":["post-6","page","type-page","status-publish","hentry","entry"],"aioseo_notices":[],"_links":{"self":[{"href":"https:\/\/easybinaryoption.com\/pt\/wp-json\/wp\/v2\/pages\/6","targetHints":{"allow":["GET"]}}],"collection":[{"href":"https:\/\/easybinaryoption.com\/pt\/wp-json\/wp\/v2\/pages"}],"about":[{"href":"https:\/\/easybinaryoption.com\/pt\/wp-json\/wp\/v2\/types\/page"}],"author":[{"embeddable":true,"href":"https:\/\/easybinaryoption.com\/pt\/wp-json\/wp\/v2\/users\/1"}],"replies":[{"embeddable":true,"href":"https:\/\/easybinaryoption.com\/pt\/wp-json\/wp\/v2\/comments?post=6"}],"version-history":[{"count":20,"href":"https:\/\/easybinaryoption.com\/pt\/wp-json\/wp\/v2\/pages\/6\/revisions"}],"predecessor-version":[{"id":253,"href":"https:\/\/easybinaryoption.com\/pt\/wp-json\/wp\/v2\/pages\/6\/revisions\/253"}],"wp:attachment":[{"href":"https:\/\/easybinaryoption.com\/pt\/wp-json\/wp\/v2\/media?parent=6"}],"curies":[{"name":"wp","href":"https:\/\/api.w.org\/{rel}","templated":true}]}}