{"id":30,"date":"2012-08-22T19:13:01","date_gmt":"2012-08-22T19:13:01","guid":{"rendered":"http:\/\/easybinaryoption.com\/tr\/?page_id=30"},"modified":"2016-02-24T12:05:27","modified_gmt":"2016-02-24T12:05:27","slug":"ticaret","status":"publish","type":"page","link":"https:\/\/easybinaryoption.com\/tr\/ticaret\/","title":{"rendered":"\u0130kili Opsiyon Ticareti Yapmak"},"content":{"rendered":"<p>\u0130kili opsiyonlar ticareti h\u0131zla pop\u00fclerlik kazan\u0131yor. Hem yeni ba\u015flayan, hem de deneyimli yat\u0131r\u0131mc\u0131lar bu yeni finansal \u00fcr\u00fcn\u00fcn ve heyecan verici yat\u0131r\u0131m y\u00f6nteminin basitli\u011finden etkilenmi\u015ftir. Bir\u00e7ok broker, \u201cbiri veya di\u011feri\u201d \u015feklinde yapt\u0131\u011f\u0131 ve sonunda ba\u015far\u0131l\u0131 oldu\u011fu her bir opsiyon dan %85 \u00f6deme yapmakta ve bu da ikili opsiyon ticaretini en kazan\u00e7l\u0131 yat\u0131r\u0131m \u00fcr\u00fcnlerinden birisi haline getirmektedir.<\/p>\n<p>\u0130kili opsiyon ticaretinin temelleri olduk\u00e7a basittir: Bu opsiyonlara yat\u0131r\u0131m yapt\u0131\u011f\u0131n\u0131zda asl\u0131nda bir varl\u0131k sat\u0131n almaz, bunun yerine dayanan varl\u0131\u011f\u0131n (alt\u0131n, petrol, d\u00f6viz, hisse, \u2026) fiyat\u0131n\u0131n ne y\u00f6ne hareketlenece\u011fini tahmin edersiniz. Bu da, bu yenilik\u00e7i yat\u0131r\u0131m arac\u0131n\u0131 yat\u0131r\u0131m d\u00fcnyas\u0131na a\u015fina olan ki\u015filer i\u00e7in \u00e7ok iyi bir f\u0131rsat haline getiriyor. Ancak, bu yat\u0131r\u0131m \u00fcr\u00fcn\u00fcn\u00fcn \u00f6\u011frenmesi ve kullan\u0131lmas\u0131 o kadar kolay ki, ikili opsiyon ticareti yeni ba\u015flayanlar i\u00e7in de en iyi yat\u0131r\u0131m arac\u0131.<\/p>\n<blockquote><p><img loading=\"lazy\" decoding=\"async\" class=\"wp-image-804 alignleft\" title=\"Trading\" alt=\"Trading\" src=\"https:\/\/easybinaryoption.com\/wp-content\/uploads\/2016\/02\/iqoption-trading-platform.png\" width=\"270\" height=\"161\" \/><strong>Yat\u0131r\u0131m T\u00fcyosu: <\/strong>\u0130kili opsiyon ticareti i\u00e7in en tavsiye etti\u011fimiz \u015firket IQOption adl\u0131 broker \u015firketidir. IQOption London merkezli olup, T\u00fcrk\u2019li yat\u0131r\u0131mc\u0131lar\u0131n en pop\u00fcler brokeridir.<\/p>\n<p><center><a class=\"buttonbig\" href=\"https:\/\/easybinaryoption.com\/tr\/go\/iqoption\" rel=\"nofollow\">\u015eimdi Ba\u015fvur!<br \/>\n<small>Demo veya Ger\u00e7ek Hesap A\u00e7<\/small><\/a><\/center><\/p><\/blockquote>\n<h2>Online \u0130kili Opsiyon Ticareti<\/h2>\n<p>Sadece birka\u00e7 y\u0131l \u00f6nce, ikili opsiyonlar sadece profesyonel yat\u0131r\u0131mc\u0131lar\u0131n ve b\u00fcy\u00fck finans \u015firketlerinin ula\u015fabilece\u011fi bir ara\u00e7t\u0131. Bu opsiyonlar\u0131n ticareti sadece tezgah \u00fcst\u00fc piyasas\u0131nda (over the counter\/OTC) yap\u0131l\u0131yordu ve \u015fahsi yat\u0131r\u0131mc\u0131lara kapal\u0131yd\u0131.<\/p>\n<p>G\u00fcn\u00fcm\u00fczde \u015fahsi yat\u0131r\u0131mc\u0131lar\u0131n da kullan\u0131m\u0131na a\u00e7\u0131k olan bir\u00e7ok online ikili opsiyonlar brokeri bulunmaktad\u0131r. Ve bunun en iyi y\u00f6n\u00fc, hisse senedi veya vadeli i\u015flemler ticaretinin aksine, ikili opsiyon ticareti i\u00e7in y\u00fckl\u00fc miktarda paraya ihtiyac\u0131n\u0131z yoktur. Hesab\u0131n\u0131za $100 gibi olduk\u00e7a d\u00fc\u015f\u00fck miktarlarda para yat\u0131rabilir (brokere de ba\u011fl\u0131 olmakla birlikte) ve yat\u0131r\u0131m yapmaya ba\u015flayabilirsiniz \u2013 i\u015fte bu y\u00fczden bu yeni yat\u0131r\u0131m \u00fcr\u00fcn\u00fc ikili opsiyonlar\u0131n heyecan verici d\u00fcnyas\u0131na giri\u015f yapmak i\u00e7in en iyi se\u00e7enektir.<\/p>\n<h2>\u0130kili Opsiyon Ticareti Nas\u0131l Yap\u0131l\u0131r<\/h2>\n<p>\u0130kili opsiyon ticareti yapmak asl\u0131nda hi\u00e7 de zor de\u011fildir ve \u00fcr\u00fcn\u00fcn do\u011fas\u0131 bu yat\u0131r\u0131m \u015feklini anlamay\u0131 olduk\u00e7a kolayla\u015ft\u0131rmaktad\u0131r. \u0130\u015fte bu basit s\u00fcreci daha kolay anlaman\u0131z i\u00e7in k\u0131sa ve basit bir k\u0131lavuz:<\/p>\n<p>\u201c\u0130kili\u201d s\u00f6zc\u00fc\u011f\u00fcnden de anla\u015f\u0131labilece\u011fi gibi, yapaca\u011f\u0131n\u0131z yat\u0131r\u0131m\u0131n iki olas\u0131 sonucu bulunuyor. Opsiyonun vade sonu tarihinde, opsiyon \u201ckazanabilir\u201d veya \u201ckaybedebilir\u201d. Dayanan varl\u0131\u011f\u0131n fiyat hareketini do\u011fru tahmin ederseniz, opsiyon \u201ckazanan\u201d olarak kapan\u0131r ve zaman zaman %85\u2019in de \u00fczerinde ger\u00e7ekle\u015febilecek bir oranda gelir elde edersiniz. Bunun tersi durumda ise t\u00fcm yat\u0131r\u0131m\u0131n\u0131z\u0131 kaybedersiniz. \u0130kili opsiyon ticaretinin temel olarak \u00fc\u00e7 basit kural\u0131 vard\u0131r.<\/p>\n<p>Bir ikili opsiyon sat\u0131n al\u0131rken, izlemeniz gereken sadece birka\u00e7 basit ad\u0131m vard\u0131r. Genellikle kar\u015f\u0131la\u015faca\u011f\u0131n\u0131z konsept \u015f\u00f6yle olur:<\/p>\n<ul>\n<li>bir dayanan varl\u0131k ve opsiyonun vade sonu tarihini se\u00e7in<\/li>\n<li>riske etmek istedi\u011finiz para miktar\u0131n\u0131 se\u00e7in<\/li>\n<li>dayanana varl\u0131\u011f\u0131n fiyat\u0131n\u0131n y\u00f6nelmesini tahmin etti\u011finiz y\u00f6n\u00fc se\u00e7in (yukar\u0131 = al, a\u015fa\u011f\u0131 = sat)<\/li>\n<\/ul>\n<p><img loading=\"lazy\" decoding=\"async\" class=\"aligncenter\" title=\"anyoption\" alt=\"\" src=\"https:\/\/easybinaryoption.com\/wp-content\/uploads\/2012\/04\/anyoption_trading.jpg\" width=\"550\" height=\"377\" \/><\/p>\n<p>\u0130lk olarak dayanan varl\u0131m s\u0131n\u0131f\u0131n\u0131z\u0131 se\u00e7melisiniz. Bir\u00e7ok broker d\u00f6viz \u00e7iftleri, hisseler ve endeksler, alt\u0131n, petrol ve daha bir\u00e7ok s\u0131n\u0131f sunmaktad\u0131r. Bundan sonra brokerinize ba\u011fl\u0131 olmakla birlikte 60 saniye ile bir ay aras\u0131nda de\u011fi\u015febilecek olan vade sonu tarihinizi se\u00e7in. Fiyat hareketi \u00fczerine yat\u0131raca\u011f\u0131n\u0131z para miktar\u0131n\u0131 se\u00e7tikten sonra son olarak fiyat\u0131n y\u00f6n\u00fcn\u00fc se\u00e7in. \u201cOpsiyonu al\u201d tu\u015funa bas\u0131n ve i\u015fte hepsi bu \u2013 bol kazan\u00e7lar!<\/p>\n<h2>\u0130kili Opr\u015fyon Ticaretinde Dayanan Varl\u0131k<\/h2>\n<p>\u0130kili opsiyon ticareti yaparken bir varl\u0131\u011f\u0131 ger\u00e7ek anlamda sat\u0131n almazs\u0131n\u0131z, ancak bunun yerine dayanan varl\u0131\u011f\u0131n fiyat\u0131n\u0131n ne y\u00f6nde hareket edece\u011fi \u00fczerine bahis yapars\u0131n\u0131z. Brokerlerin tamam\u0131 \u00fczerine bahis yapabilece\u011finiz \u00e7ok \u00e7e\u015fitli dayanan varl\u0131k t\u00fcrleri sunmaktad\u0131r. Bu se\u00e7eneklerin aras\u0131nda d\u00f6viz \u00e7iftleri, emtialar, endeksler ve hisseler bulunabilir.<\/p>\n<p><strong>Forex Opsiyonlar\u0131<\/strong>: Forex piyasas\u0131nda ikili opsiyon ticareti yaparken i\u00e7erisinde ABD dolar\u0131 bulunan, EURUSD, GBPUSD, USDCHF, USDJPY, AUDUSD ve USDCAD gibi t\u00fcm b\u00fcy\u00fck d\u00f6viz \u00e7iftlerine yat\u0131r\u0131m yapabilirsiniz. Bir\u00e7ok broker EURGBP veya EURJPY gibi alternatif d\u00f6viz \u00e7iftleri sunmaktad\u0131r.<\/p>\n<p style=\"text-align: left;\"><strong>Emtia Opsiyonlar\u0131<\/strong>: En deneyimli yat\u0131r\u0131mc\u0131lar emtialar\u0131 yat\u0131r\u0131m stratejilerine mutlaka dahil ederler. Ekonomide belirsizlik ya\u015fand\u0131\u011f\u0131nda de\u011ferli metaller piyasas\u0131 genellikle yat\u0131r\u0131mc\u0131lar\u0131n s\u0131\u011f\u0131nd\u0131\u011f\u0131 g\u00fcvenli liman olur. \u0130kili opsiyonlarda alt\u0131n ve g\u00fcm\u00fc\u015f \u00fczerine ve genellikle de petrol\u00fcn fiyat dalgalanmas\u0131 \u00fczerine yat\u0131r\u0131m yapabilirsiniz.<\/p>\n<p style=\"text-align: left;\"><strong>Hisse Opsiyonlar\u0131<\/strong>: Ancak, hisseler \u00fczerine yat\u0131r\u0131m yapmak istiyorsan\u0131z, bu da m\u00fcmk\u00fcn. \u0130kili hisse opsiyonlar\u0131 ticaretinde IBM, EXXON, McDonalds, Sony, Microsoft, Google, Amex, Coca Cola, Apple, Nike, Amazon, BP, CITIGROUP ve daha bir\u00e7ok \u015firketin hissesinin fiyat hareketlenmesi \u00fczerine bahis yapabilirsiniz.<\/p>\n<p><strong>Endeks Opsiyonlar\u0131<\/strong>: Genellikle tek tek hisseler yerine, endeksler \u00fczerine yat\u0131r\u0131m yapmak \u00e7ok daha kolayd\u0131r. Bunun nedeni, endekslerin bir\u00e7ok hissenin fiyat\u0131n\u0131 i\u00e7ermesi ve bunlar\u0131n bir ortalamas\u0131 olmas\u0131d\u0131r. Bundan dolay\u0131, yat\u0131r\u0131m\u0131n\u0131z otomatik olarak \u00e7e\u015fitlendirilmi\u015f olur. \u0130kili opsiyon brokerleri Dow Jones, Nasdaq, S&amp;P 500, Dax 30, Nikkei, SMI ve daha bir\u00e7ok endeks \u00fczerine bahis yapma imkan\u0131 sunmaktad\u0131r.<\/p>\n<h2>\u0130kili Opsiyon Ticaretinin Temelleri<\/h2>\n<p>\u0130kili opsiyon ticareti olduk\u00e7a basittir ve en yeni yat\u0131r\u0131mc\u0131lar bile bu yat\u0131r\u0131m \u015feklinin temellerini h\u0131zla \u00f6\u011frenebilir. E\u011fer yat\u0131r\u0131m d\u00fcnyas\u0131 hakk\u0131nda pek bir bilginiz yoksa, ilk \u00f6\u011frenmeniz gereken \u015fey teknik terminolojidir. Bu y\u00fczden, yat\u0131r\u0131m diline hakim olmak ilk amac\u0131n\u0131z olmal\u0131d\u0131r. \u0130\u015fte yat\u0131r\u0131m\u0131n temelleri:<\/p>\n<p><strong>\u0130\u015flem Fiyat\u0131<\/strong>: Hem yat\u0131r\u0131mc\u0131 hem de piyasa sahibi opsiyonun \u00f6deme yapmas\u0131 i\u00e7in, dayanan varl\u0131\u011f\u0131n\u0131n fiyat\u0131n\u0131n ge\u00e7mesi gereken bir i\u015flem fiyat\u0131 \u00fczerinde anla\u015f\u0131rlar.Vade Sonu: \u0130kili opsiyonun vadesi belirli bir zamanda dolar ve bundan sonra piyasa sahibi ile yat\u0131r\u0131mc\u0131 aras\u0131ndaki anla\u015fma son bulur. Bu noktada dayanan varl\u0131\u011f\u0131n fiyat\u0131 ile i\u015flem fiyat\u0131 kar\u015f\u0131la\u015ft\u0131r\u0131l\u0131r ve opsiyonun kazan\u0131p kazanmad\u0131\u011f\u0131na karar verilir.<\/p>\n<p><strong>Kazanma<\/strong>: Dayanan varl\u0131\u011f\u0131n fiyat\u0131n\u0131n i\u015flem fiyat\u0131n\u0131 ger\u00e7ekle\u015ftirmesi. Bu durumda opsiyon kazan\u0131r. Vade sonu tarihinde de fiyat i\u015flem fiyat\u0131n\u0131n \u00fczerinde (al\u0131m opsiyonunda) veya alt\u0131nda (sat\u0131m opsiyonunda) bulunmaya devam ederse, kazan\u00e7 sa\u011flar.<\/p>\n<p><strong>Kaybetme<\/strong>: Dayanan varl\u0131\u011f\u0131n fiyat\u0131n\u0131n i\u015flem fiyat\u0131n\u0131 ger\u00e7ekle\u015ftirmemesi durumunda opsiyon kaybeder. Vade sonu tarihine kadar fiyat i\u015flem fiyat\u0131n\u0131 ger\u00e7ekle\u015ftiremezse, opsiyon kaybedecektir.<\/p>\n<p><strong>\u00dcst\u00fc\/Alt\u0131 Opsiyonlar\u0131 \u2013 Y\u00fcksek\/D\u00fc\u015f\u00fck Opsiyonlar\u0131<\/strong>: Bu b\u00fct\u00fcn ikili opsiyon brokerlerinin sundu\u011fu en temel yat\u0131r\u0131m \u00fcr\u00fcn\u00fcd\u00fcr. Temel olarak, bu opsiyonlarda vade sonu tarihinde dayanan varl\u0131\u011f\u0131n fiyat\u0131n\u0131n y\u00fckselece\u011fi veya d\u00fc\u015fece\u011fi y\u00f6n\u00fcnde tahmin y\u00fcr\u00fct\u00fcl\u00fcr. E\u011fer dayanan varl\u0131\u011f\u0131n fiyat\u0131n\u0131n yukar\u0131 \u00e7\u0131kaca\u011f\u0131na inan\u0131yorsan\u0131z, ikili al\u0131m opsiyonu sat\u0131n almal\u0131s\u0131n\u0131z. Tersine, ikili sat\u0131m opsiyonu dayanan varl\u0131\u011f\u0131n fiyat\u0131n\u0131n i\u015flem fiyat\u0131n\u0131n alt\u0131nda kapanmas\u0131 durumunda \u00f6deme yapan anla\u015fmalard\u0131r. K\u0131saca ifade etmek gerekirse, al\u0131m opsiyonu sat\u0131m opsiyonunun tersidir.<\/p>\n<p><strong>De\u011fme (Temas) \u0130kili Opsiyonlar\u0131<\/strong>: Bu opsiyonlarda dayanan varl\u0131\u011f\u0131n fiyat\u0131n\u0131n vade sonu tarihinden \u00f6nce belirli bir fiyat seviyesine eri\u015fmesi s\u00f6z konusudur. E\u011fer vade sonu tarihinden \u00f6nce fiyat\u0131n belli bir seviyeye ula\u015faca\u011f\u0131n\u0131 d\u00fc\u015f\u00fcn\u00fcyorsan\u0131z tahmin etti\u011finiz fiyat y\u00f6n\u00fcn g\u00f6re yukar\u0131 de\u011fme opsiyonu veya a\u015fa\u011f\u0131 de\u011fme opsiyonu se\u00e7eneklerinden birisini tercih etmelisiniz. E\u011fer fiyat\u0131n belli bir seviyeye \u00e7\u0131kamayaca\u011f\u0131 d\u00fc\u015f\u00fcn\u00fcyorsan\u0131z, de\u011fmeme opsiyonunu tercih etmelisiniz.<\/p>\n<p><strong>Aral\u0131k\/S\u0131n\u0131r \u0130kili Opsiyonlar\u0131<\/strong>: Bu opsiyonlarda bir alt, bir de \u00fcst hedef fiyat bulunmaktad\u0131r. Bu opsiyonlarda vade sonunda fiyat\u0131n bu aral\u0131k i\u00e7ersinde mi yoksa d\u0131\u015far\u0131s\u0131nda m\u0131 olaca\u011f\u0131n\u0131 tahmin etmelisiniz.<\/p>\n","protected":false},"excerpt":{"rendered":"<p>\u0130kili opsiyonlar ticareti h\u0131zla pop\u00fclerlik kazan\u0131yor. Hem yeni ba\u015flayan, hem de deneyimli yat\u0131r\u0131mc\u0131lar bu yeni finansal \u00fcr\u00fcn\u00fcn ve heyecan verici yat\u0131r\u0131m y\u00f6nteminin basitli\u011finden etkilenmi\u015ftir. Bir\u00e7ok broker, \u201cbiri veya di\u011feri\u201d \u015feklinde yapt\u0131\u011f\u0131 ve sonunda ba\u015far\u0131l\u0131 oldu\u011fu her bir opsiyon dan %85 \u00f6deme yapmakta ve bu da ikili opsiyon ticaretini en kazan\u00e7l\u0131 yat\u0131r\u0131m \u00fcr\u00fcnlerinden birisi haline getirmektedir. [&hellip;]<\/p>\n","protected":false},"author":1,"featured_media":0,"parent":0,"menu_order":0,"comment_status":"open","ping_status":"closed","template":"","meta":{"footnotes":""},"class_list":["post-30","page","type-page","status-publish","hentry","entry"],"aioseo_notices":[],"_links":{"self":[{"href":"https:\/\/easybinaryoption.com\/tr\/wp-json\/wp\/v2\/pages\/30","targetHints":{"allow":["GET"]}}],"collection":[{"href":"https:\/\/easybinaryoption.com\/tr\/wp-json\/wp\/v2\/pages"}],"about":[{"href":"https:\/\/easybinaryoption.com\/tr\/wp-json\/wp\/v2\/types\/page"}],"author":[{"embeddable":true,"href":"https:\/\/easybinaryoption.com\/tr\/wp-json\/wp\/v2\/users\/1"}],"replies":[{"embeddable":true,"href":"https:\/\/easybinaryoption.com\/tr\/wp-json\/wp\/v2\/comments?post=30"}],"version-history":[{"count":18,"href":"https:\/\/easybinaryoption.com\/tr\/wp-json\/wp\/v2\/pages\/30\/revisions"}],"predecessor-version":[{"id":171,"href":"https:\/\/easybinaryoption.com\/tr\/wp-json\/wp\/v2\/pages\/30\/revisions\/171"}],"wp:attachment":[{"href":"https:\/\/easybinaryoption.com\/tr\/wp-json\/wp\/v2\/media?parent=30"}],"curies":[{"name":"wp","href":"https:\/\/api.w.org\/{rel}","templated":true}]}}