{"id":6,"date":"2012-08-22T08:49:31","date_gmt":"2012-08-22T08:49:31","guid":{"rendered":"http:\/\/easybinaryoption.com\/tr\/?page_id=6"},"modified":"2017-05-31T10:28:36","modified_gmt":"2017-05-31T10:28:36","slug":"ikili-opsiyon-ticareti","status":"publish","type":"page","link":"https:\/\/easybinaryoption.com\/tr\/","title":{"rendered":"Online ikili opsiyon ticareti"},"content":{"rendered":"<p>\u2018<a href=\"https:\/\/easybinaryoption.com\/tr\/\">Easy Binary Option<\/a>\u2019 sitemize ho\u015f geldiniz. \u0130kili opsiyon ticaretinde yeni misiniz? Sorun de\u011fil. \u0130kili Opsiyonlar yeni ve olduk\u00e7a kolay bir finansal \u00fcr\u00fcnd\u00fcr \u2013 anlamas\u0131 ve yat\u0131r\u0131m yap\u0131lmas\u0131 \u00e7ok kolayd\u0131r.<br \/>\n\u0130kili opsiyonlar basit olmak i\u00e7in tasarland\u0131\u011f\u0131ndan, d\u00f6viz piyasas\u0131nda, emtia piyasas\u0131nda ve hisse senetleri piyasas\u0131nda sadece birka\u00e7 t\u0131klama ile ve birka\u00e7 dakika i\u00e7erisinde yat\u0131r\u0131m yapabilirsiniz. Bu ola\u011fan\u00fcst\u00fc piyasada yat\u0131r\u0131m yapmaya ba\u015flamak i\u00e7in sitemizde bulunan bilgileri dikkatle okuyun. <\/p>\n<p>\n<table id=\"wp-table-reloaded-id-2-no-1\" class=\"wp-table-reloaded wp-table-reloaded-id-2\">\n<thead>\n\t<tr class=\"row-1 odd\">\n\t\t<th class=\"column-1\">\u015eirket<\/th><th class=\"column-2\">Genel<\/th><th class=\"column-3\">Ayr\u0131nt\u0131l\u0131 Bilgi<\/th><th class=\"column-4\">Hesap A\u00e7<\/th>\n\t<\/tr>\n<\/thead>\n<tbody>\n\t<tr class=\"row-2 even\">\n\t\t<td class=\"column-1\"><a class=\"goto\" href=\"https:\/\/easybinaryoption.com\/tr\/go\/iqoption\" rel=\"nofollow\"><img decoding=\"async\" src=\"https:\/\/easybinaryoption.com\/wp-content\/uploads\/2016\/02\/iqoption.jpg\" alt=\"IQOption\"><br \/>\r\nwww.iqoption.com<\/a><\/td><td class=\"column-2\">En Az Para Yat\u0131rma: $10<br \/>\r\n\u00d6deme:: 85%<br \/>\r\nMin. yat\u0131r\u0131m: $1<\/td><td class=\"column-3\">Demo Hesap: Var<br \/>\r\nPlatform: IQOption<br \/>\r\n<a href=\"https:\/\/easybinaryoption.com\/tr\/go\/iqoption\/\" rel=\"nofollow\">IQOption \u0130ncelemeyi<\/a><\/td><td class=\"column-4\"><a class=\"button\" href=\"https:\/\/easybinaryoption.com\/tr\/go\/iqoption\" rel=\"nofollow\">\u015eimdi Ba\u015fvur!<\/a><\/td>\n\t<\/tr>\n\t<tr class=\"row-3 odd\">\n\t\t<td class=\"column-1\"><a class=\"goto\" href=\"https:\/\/easybinaryoption.com\/tr\/go\/24option\" rel=\"nofollow\"><img decoding=\"async\" src=\"https:\/\/easybinaryoption.com\/wp-content\/uploads\/2012\/06\/24option.png\" alt=\"24Option\"><br \/>\r\nwww.24option.com<\/a><\/td><td class=\"column-2\">En Az Para Yat\u0131rma: $250<br \/>\r\n\u00d6deme: up to 89%<br \/>\r\nZarar Korumas\u0131:: Buy back option<br \/>\r\nMin. yat\u0131r\u0131m: $24<br \/>\r\n<\/td><td class=\"column-3\">Demo Hesap: Var<br \/>\r\nPlatform: Tech<br \/>\r\nEk \u00d6zellikler: Mobil Ticaret<br \/>\r\n<a href=\"https:\/\/easybinaryoption.com\/tr\/broker\/24option\">24Option \u0130ncelemeyi<\/a><\/td><td class=\"column-4\"><a class=\"button\" href=\"https:\/\/easybinaryoption.com\/tr\/go\/24option\" rel=\"nofollow\">\u015eimdi Ba\u015fvur!<\/a><br \/>\r\n<\/td>\n\t<\/tr>\n<\/tbody>\n<\/table>\n<br \/>\nRISK WARNING: YOUR CAPITAL MIGHT BE AT RISK<\/p>\n<h2>\u0130kili Opsiyon Brokerleri<\/h2>\n<p>E\u011fer ger\u00e7ek para ile ikili opsiyon ticareti yapmak istiyorsan\u0131z, g\u00fcvenebilece\u011finiz bir brokere ihtiyac\u0131n\u0131z vard\u0131r. \u0130kili opsiyonlar piyasas\u0131 olduk\u00e7a gen\u00e7 bir piyasad\u0131r ve h\u0131zla para kazanmak pe\u015finde olan \u00e7ok say\u0131da broker bulunmaktad\u0131r. Ancak bunlar\u0131n yan\u0131nda en iyi yat\u0131r\u0131m deneyimini sunmaya \u00e7al\u0131\u015fan, yat\u0131r\u0131mc\u0131lar\u0131 hesaplar\u0131n\u0131 g\u00fcvende bulundurmaya \u00e7abalayan, muhte\u015fem bir m\u00fc\u015fteri hizmetlerine sahip ve s\u00fcrekli kendini geli\u015ftiren ve kesinlikle g\u00fcvenilir brokerler de vard\u0131r. Sekt\u00f6r lideri olan bu brokerler ayn\u0131 zamanda birlikte \u00e7al\u0131\u015fabilece\u011finiz muhte\u015fem \u015firketlerdir. \u015eaibeli bir broker yerine bu g\u00fcvenilir brokerlerden birisini se\u00e7meniz \u00e7ok \u00f6nemlidir. K\u00fc\u00e7\u00fck brokerlerin sundu\u011fu f\u0131rsatlar bazen \u00e7ok \u00e7ekici gibi g\u00f6r\u00fcnse de, binlerce yat\u0131r\u0131mc\u0131n\u0131n memnuniyetle yat\u0131r\u0131m yapt\u0131\u011f\u0131 g\u00fcvenilir brokerlerden ayr\u0131lmamal\u0131s\u0131n\u0131z. Bu brokerlerden birisini se\u00e7menizi m\u00fcmk\u00fcn oldu\u011funca kolayla\u015ft\u0131rmaya \u00e7al\u0131\u015ft\u0131k. Yukar\u0131daki tablo, en iyi brokerlere kaydolmadan \u00f6nce bilmeniz gereken en \u00f6nemli bilgileri g\u00f6stermektedir. <\/p>\n<h2>Strateji<\/h2>\n<p>Karl\u0131 bir \u015fekilde yat\u0131r\u0131m yapabilmek i\u00e7in \u00f6ncelikle do\u011fru stratejiyi bulmal\u0131s\u0131n\u0131z. Piyasada alt\u0131n madeni buldu\u011funu iddia eden \u00e7ok say\u0131da s\u00f6zde \u201cuzman\u201d bulunmaktad\u0131r \u2013 bunlara g\u00fcvenmeyin! Birisi size basit (!) bir stratejiyi kullanarak ayda $5000 kazanabilece\u011finizi s\u00f6yledi\u011finde, en iyisi oradan bir an \u00f6nce uzakla\u015fmakt\u0131r. EasyBinaryOption ekibi olarak ikili opsiyon stratejileri ile ilgili bir\u00e7ok konuyu ele al\u0131yor ve do\u011fru kararlar vermek i\u00e7in piyasay\u0131 ve grafikleri nas\u0131l analiz edece\u011finizi g\u00f6steriyoruz. Ekibimizde size nas\u0131l karl\u0131 bir \u015fekilde yat\u0131r\u0131m yapabilece\u011finizi \u00f6\u011fretecek iki ba\u015far\u0131l\u0131 hisse senedi ve forex yat\u0131r\u0131mc\u0131s\u0131 bulunuyor. <\/p>\n<h2>Yat\u0131r\u0131m Yapmak, Para Yat\u0131rmak ve daha fazlas\u0131<\/h2>\n<p>Stratejilerden ve brokerlerden ba\u015fka bilmeniz gereken daha bir\u00e7ok \u015fey var. \u0130kili opsiyon ticareti iligiyi ger\u00e7ekten hak eden bir trenddir. Stratejinin yan\u0131nda \u201c\u0130kili Opsiyon Ticareti Kumara m\u0131 Benziyor\u201d, \u201cCep telefonu ile nas\u0131l yat\u0131r\u0131m yapabilirsiniz\u201d, \u201cSahte Brokerler Ger\u00e7ekten Var m\u0131?\u201d, \u201cYat\u0131r\u0131m yaparak hayat\u0131n\u0131z\u0131 kazanmak m\u00fcmk\u00fcn m\u00fc?\u201d gibi daha bir\u00e7ok ilgi \u00e7ekici konu bulunuyor.<br \/>\nPara y\u00f6netimi de \u00e7ok \u00f6nemlidir. Para yat\u0131rmadan ger\u00e7ek para ile yat\u0131r\u0131m yapamazs\u0131n\u0131z. Ve uygun bir para \u00e7ekme y\u00f6ntemi ile kazan\u00e7lar\u0131n\u0131z\u0131 kullanamazs\u0131n\u0131z. Para y\u00f6netimi olduk\u00e7a zor bir konudur ve b\u00fcy\u00fck dikkat ister. \u00d6zellikle de yeni bir yat\u0131r\u0131mc\u0131 olarak bu konuda se\u00e7ici olmal\u0131 ve hangi para yat\u0131rma y\u00f6ntemini kullanaca\u011f\u0131n\u0131z\u0131 ve nas\u0131l para \u00e7ekebilece\u011finizi bilmeniz gerekir. Brokerlerin \u015fu anda \u00e7ok say\u0131da para yat\u0131rma se\u00e7ene\u011fi sunmad\u0131\u011f\u0131 bilinen bir ger\u00e7ektir. Forex brokerlerinde PayPal ile kolayl\u0131kla para yat\u0131rabilirsiniz \u2013 ancak bu \u015fu anda \u0130kili Opsiyon Brokerleri i\u00e7in ge\u00e7erli de\u011fildir. \u0130\u015fte al\u0131\u015ft\u0131\u011f\u0131n\u0131z ve en sevdi\u011finiz para yat\u0131rma y\u00f6ntemi ile para yat\u0131ramaman\u0131z bu konuyu daha da \u00f6nemli k\u0131l\u0131yor. <\/p>\n","protected":false},"excerpt":{"rendered":"<p>\u2018Easy Binary Option\u2019 sitemize ho\u015f geldiniz. \u0130kili opsiyon ticaretinde yeni misiniz? Sorun de\u011fil. \u0130kili Opsiyonlar yeni ve olduk\u00e7a kolay bir finansal \u00fcr\u00fcnd\u00fcr \u2013 anlamas\u0131 ve yat\u0131r\u0131m yap\u0131lmas\u0131 \u00e7ok kolayd\u0131r. \u0130kili opsiyonlar basit olmak i\u00e7in tasarland\u0131\u011f\u0131ndan, d\u00f6viz piyasas\u0131nda, emtia piyasas\u0131nda ve hisse senetleri piyasas\u0131nda sadece birka\u00e7 t\u0131klama ile ve birka\u00e7 dakika i\u00e7erisinde yat\u0131r\u0131m yapabilirsiniz. Bu ola\u011fan\u00fcst\u00fc [&hellip;]<\/p>\n","protected":false},"author":1,"featured_media":0,"parent":0,"menu_order":0,"comment_status":"open","ping_status":"open","template":"","meta":{"footnotes":""},"class_list":["post-6","page","type-page","status-publish","hentry","entry"],"aioseo_notices":[],"_links":{"self":[{"href":"https:\/\/easybinaryoption.com\/tr\/wp-json\/wp\/v2\/pages\/6","targetHints":{"allow":["GET"]}}],"collection":[{"href":"https:\/\/easybinaryoption.com\/tr\/wp-json\/wp\/v2\/pages"}],"about":[{"href":"https:\/\/easybinaryoption.com\/tr\/wp-json\/wp\/v2\/types\/page"}],"author":[{"embeddable":true,"href":"https:\/\/easybinaryoption.com\/tr\/wp-json\/wp\/v2\/users\/1"}],"replies":[{"embeddable":true,"href":"https:\/\/easybinaryoption.com\/tr\/wp-json\/wp\/v2\/comments?post=6"}],"version-history":[{"count":6,"href":"https:\/\/easybinaryoption.com\/tr\/wp-json\/wp\/v2\/pages\/6\/revisions"}],"predecessor-version":[{"id":176,"href":"https:\/\/easybinaryoption.com\/tr\/wp-json\/wp\/v2\/pages\/6\/revisions\/176"}],"wp:attachment":[{"href":"https:\/\/easybinaryoption.com\/tr\/wp-json\/wp\/v2\/media?parent=6"}],"curies":[{"name":"wp","href":"https:\/\/api.w.org\/{rel}","templated":true}]}}