{"id":8,"date":"2012-08-22T17:52:24","date_gmt":"2012-08-22T17:52:24","guid":{"rendered":"http:\/\/easybinaryoption.com\/tr\/?page_id=8"},"modified":"2020-01-02T20:57:19","modified_gmt":"2020-01-02T20:57:19","slug":"brokerler","status":"publish","type":"page","link":"https:\/\/easybinaryoption.com\/tr\/brokerler\/","title":{"rendered":"\u0130kili Opsiyon Brokerleri"},"content":{"rendered":"<p>G\u00fcn\u00fcm\u00fczde piyasada \u00e7ok say\u0131da ikili opsiyon brokeri bulunmaktad\u0131r ve \u015fu anda y\u00fczlerce broker aras\u0131ndan se\u00e7im yapabilirsiniz. Piyasadaki broker say\u0131s\u0131n\u0131n giderek artmas\u0131n\u0131n nedeni uygun bir yat\u0131r\u0131m platformu bulman\u0131n ve ikili opsiyon ticareti yapma imkan\u0131 sunman\u0131n olduk\u00e7a kolay olmas\u0131d\u0131r. Ancak bu asl\u0131nda t\u00fcm yat\u0131r\u0131mc\u0131lar i\u00e7in m\u00fckemmel bir \u015feydir. \u0130lk olarak yat\u0131r\u0131mc\u0131lar bir\u00e7ok farkl\u0131 broker aras\u0131ndan tercih yapabilirler. \u0130kinci olarak, rekabet t\u00fcm yat\u0131r\u0131mc\u0131lar i\u00e7in faydal\u0131d\u0131r ve bu brokerlerin hepsi sizi \u00fcyeleri aras\u0131na katmak i\u00e7in elinden geleni yapmaktad\u0131r. Dolay\u0131s\u0131yla, brokerlerin neredeyse tamam\u0131 m\u00fckemmel bir m\u00fc\u015fteri hizmetleri deste\u011fi ve ola\u011fan\u00fcst\u00fc bonus ve promosyon f\u0131rsatlar\u0131 sunmaktad\u0131r. Bu da ikili opsiyon ticaretini en iyi \u015fekliyle yapabilmenizi sa\u011flar.<\/p>\n<h2>Y\u0131l\u0131n\u0131n En \u0130yi \u0130kili Opsiyon Brokeri<\/h2>\n\n<table id=\"wp-table-reloaded-id-2-no-1\" class=\"wp-table-reloaded wp-table-reloaded-id-2\">\n<thead>\n\t<tr class=\"row-1 odd\">\n\t\t<th class=\"column-1\">\u015eirket<\/th><th class=\"column-2\">Genel<\/th><th class=\"column-3\">Ayr\u0131nt\u0131l\u0131 Bilgi<\/th><th class=\"column-4\">Hesap A\u00e7<\/th>\n\t<\/tr>\n<\/thead>\n<tbody>\n\t<tr class=\"row-2 even\">\n\t\t<td class=\"column-1\"><a class=\"goto\" href=\"https:\/\/easybinaryoption.com\/tr\/go\/iqoption\" rel=\"nofollow\"><img decoding=\"async\" src=\"https:\/\/easybinaryoption.com\/wp-content\/uploads\/2016\/02\/iqoption.jpg\" alt=\"IQOption\"><br \/>\r\nwww.iqoption.com<\/a><\/td><td class=\"column-2\">En Az Para Yat\u0131rma: $10<br \/>\r\n\u00d6deme:: 85%<br \/>\r\nMin. yat\u0131r\u0131m: $1<\/td><td class=\"column-3\">Demo Hesap: Var<br \/>\r\nPlatform: IQOption<br \/>\r\n<a href=\"https:\/\/easybinaryoption.com\/tr\/go\/iqoption\/\" rel=\"nofollow\">IQOption \u0130ncelemeyi<\/a><\/td><td class=\"column-4\"><a class=\"button\" href=\"https:\/\/easybinaryoption.com\/tr\/go\/iqoption\" rel=\"nofollow\">\u015eimdi Ba\u015fvur!<\/a><\/td>\n\t<\/tr>\n\t<tr class=\"row-3 odd\">\n\t\t<td class=\"column-1\"><a class=\"goto\" href=\"https:\/\/easybinaryoption.com\/tr\/go\/24option\" rel=\"nofollow\"><img decoding=\"async\" src=\"https:\/\/easybinaryoption.com\/wp-content\/uploads\/2012\/06\/24option.png\" alt=\"24Option\"><br \/>\r\nwww.24option.com<\/a><\/td><td class=\"column-2\">En Az Para Yat\u0131rma: $250<br \/>\r\n\u00d6deme: up to 89%<br \/>\r\nZarar Korumas\u0131:: Buy back option<br \/>\r\nMin. yat\u0131r\u0131m: $24<br \/>\r\n<\/td><td class=\"column-3\">Demo Hesap: Var<br \/>\r\nPlatform: Tech<br \/>\r\nEk \u00d6zellikler: Mobil Ticaret<br \/>\r\n<a href=\"https:\/\/easybinaryoption.com\/tr\/broker\/24option\">24Option \u0130ncelemeyi<\/a><\/td><td class=\"column-4\"><a class=\"button\" href=\"https:\/\/easybinaryoption.com\/tr\/go\/24option\" rel=\"nofollow\">\u015eimdi Ba\u015fvur!<\/a><br \/>\r\n<\/td>\n\t<\/tr>\n<\/tbody>\n<\/table>\n\n<p>Y\u0131l\u0131n\u0131n en iyi ikili opsiyon brokerinin hangisi oldu\u011funa karar vermek hi\u00e7 de kolay bir \u015fey de\u011fildir ve d\u00fcr\u00fcst olmak gerekirse, bizim en iyi broker olarak se\u00e7ti\u011fimiz kurulu\u015f sizin a\u00e7\u0131n\u0131zdan hi\u00e7 de iyi olmayabilir. Her \u015fey tercihlerinize ba\u011fl\u0131d\u0131r ve belirli bir \u00f6deme yap\u0131s\u0131 ve para yat\u0131rma se\u00e7eneklerine sahip bir brokeri tercih etti\u011finizde, bu brokerin bir di\u011ferinden daha iyi oldu\u011funa kanaat getirebilirsiniz.<\/p>\n<h2>\u0130kili opsiyon brokerini se\u00e7mek<\/h2>\n<p>\u00d6zellikle de belirli ihtiya\u00e7lara sahip ileri d\u00fczey bir yat\u0131r\u0131mc\u0131 oldu\u011funuzu d\u00fc\u015f\u00fcn\u00fcrsek, do\u011fru ikili opsiyonlar brokerini se\u00e7erken olduk\u00e7a zor bir kararla kar\u015f\u0131 kar\u015f\u0131ya kal\u0131rs\u0131n\u0131z. Yeni ba\u015flayan bir yat\u0131r\u0131mc\u0131ysan\u0131z herhangi bir brokeri se\u00e7ebilirsiniz ve ikili opsiyon ticareti hakk\u0131nda pek bir bilginiz yoksa brokerler aras\u0131nda hi\u00e7bir fark g\u00f6rmeyebilirsiniz. Ancak bu sizi kesinlikle sizler i\u00e7in haz\u0131rlam\u0131\u015f oldu\u011fumuz broker inceleyip sizin i\u00e7in en iyi brokeri se\u00e7mekten al\u0131koymamal\u0131d\u0131r. Tam tersine, broker incelemelerimizi dikkatle okumal\u0131 ve tavsiye edilen brokerlerin tamam\u0131n\u0131 yak\u0131ndan incelemelisiniz. Bunu yapt\u0131\u011f\u0131n\u0131zda ihtiya\u00e7lar\u0131n\u0131za en uygun brokeri bulma \u015fans\u0131n\u0131z olduk\u00e7a y\u00fcksek olacakt\u0131r.<\/p>\n","protected":false},"excerpt":{"rendered":"<p>G\u00fcn\u00fcm\u00fczde piyasada \u00e7ok say\u0131da ikili opsiyon brokeri bulunmaktad\u0131r ve \u015fu anda y\u00fczlerce broker aras\u0131ndan se\u00e7im yapabilirsiniz. Piyasadaki broker say\u0131s\u0131n\u0131n giderek artmas\u0131n\u0131n nedeni uygun bir yat\u0131r\u0131m platformu bulman\u0131n ve ikili opsiyon ticareti yapma imkan\u0131 sunman\u0131n olduk\u00e7a kolay olmas\u0131d\u0131r. Ancak bu asl\u0131nda t\u00fcm yat\u0131r\u0131mc\u0131lar i\u00e7in m\u00fckemmel bir \u015feydir. \u0130lk olarak yat\u0131r\u0131mc\u0131lar bir\u00e7ok farkl\u0131 broker aras\u0131ndan tercih yapabilirler. [&hellip;]<\/p>\n","protected":false},"author":1,"featured_media":0,"parent":0,"menu_order":0,"comment_status":"open","ping_status":"closed","template":"","meta":{"footnotes":""},"class_list":["post-8","page","type-page","status-publish","hentry","entry"],"aioseo_notices":[],"_links":{"self":[{"href":"https:\/\/easybinaryoption.com\/tr\/wp-json\/wp\/v2\/pages\/8","targetHints":{"allow":["GET"]}}],"collection":[{"href":"https:\/\/easybinaryoption.com\/tr\/wp-json\/wp\/v2\/pages"}],"about":[{"href":"https:\/\/easybinaryoption.com\/tr\/wp-json\/wp\/v2\/types\/page"}],"author":[{"embeddable":true,"href":"https:\/\/easybinaryoption.com\/tr\/wp-json\/wp\/v2\/users\/1"}],"replies":[{"embeddable":true,"href":"https:\/\/easybinaryoption.com\/tr\/wp-json\/wp\/v2\/comments?post=8"}],"version-history":[{"count":12,"href":"https:\/\/easybinaryoption.com\/tr\/wp-json\/wp\/v2\/pages\/8\/revisions"}],"predecessor-version":[{"id":180,"href":"https:\/\/easybinaryoption.com\/tr\/wp-json\/wp\/v2\/pages\/8\/revisions\/180"}],"wp:attachment":[{"href":"https:\/\/easybinaryoption.com\/tr\/wp-json\/wp\/v2\/media?parent=8"}],"curies":[{"name":"wp","href":"https:\/\/api.w.org\/{rel}","templated":true}]}}